{"id":105,"date":"2024-03-20T15:53:28","date_gmt":"2024-03-20T14:53:28","guid":{"rendered":"https:\/\/kuenstlerhausgoetz.de\/?page_id=105"},"modified":"2024-05-14T11:46:56","modified_gmt":"2024-05-14T09:46:56","slug":"selbstversorgung","status":"publish","type":"page","link":"https:\/\/kuenstlerhausgoetz.de\/en\/selbstversorgung","title":{"rendered":"Self-sufficiency"},"content":{"rendered":"<div data-elementor-type=\"wp-page\" data-elementor-id=\"105\" class=\"elementor elementor-105\">\n\t\t\t\t<div class=\"elementor-element elementor-element-7b8df39 e-flex e-con-boxed e-con e-parent\" data-id=\"7b8df39\" data-element_type=\"container\" data-e-type=\"container\">\n\t\t\t\t\t<div class=\"e-con-inner\">\n\t\t\t\t<div class=\"elementor-element elementor-element-8d284c9 elementor-widget elementor-widget-text-editor\" data-id=\"8d284c9\" data-element_type=\"widget\" data-e-type=\"widget\" data-widget_type=\"text-editor.default\">\n\t\t\t\t<div class=\"elementor-widget-container\">\n\t\t\t\t\t\t\t\t\t<p>Self-sufficiency is at the heart of efforts to ensure a resilient community with reduced supply chains. The garden covers an area of approximately 3,500 square meters, with approximately 150 square meters dedicated specifically to growing vegetables outdoors. In addition, there is a 90 square meter high tunnel that makes it possible to grow food almost all year round. This diversity of farming options ensures that the community is independent of external sources of supply while maintaining a healthy diet.<\/p><p>In addition, the garden covers about 200 square meters, which is considered permaculture-based <span style=\"text-decoration: underline;\"><a href=\"https:\/\/de.wikipedia.org\/wiki\/Permakultur\" target=\"_blank\" rel=\"noopener\">\u201cFood Forest\u201d<\/a><\/span> are designed. In this area there are numerous fruit trees and bushes that not only contribute to self-sufficiency, but also promote biodiversity and create a natural habitat.<\/p><p>The lively group of dairy goats, bees and chickens in the garden also contribute to self-sufficiency. The dairy goats not only provide fresh dairy products, but also help improve the soil. The bees pollinate the plants in the garden, ensuring a rich harvest, while the chickens not only provide fresh eggs, but also control pests and fertilize the soil.<\/p><p>There is also an abundance of edible mushrooms such as porcini mushrooms, chestnut mushrooms and chanterelles along the nearby forest hiking trails. <span style=\"text-decoration: underline;\"><a href=\"https:\/\/kuenstlerhausgoetz.de\/en\/pilzsuche\/\" target=\"_blank\" rel=\"noopener\">Community hiking trips<\/a> <\/span>are planned regularly. These natural resources not only contribute to self-sufficiency, but also provide the opportunity to connect with the surrounding nature and develop a deeper understanding of ecological relationships.<\/p>\t\t\t\t\t\t\t\t<\/div>\n\t\t\t\t<\/div>\n\t\t\t\t\t<\/div>\n\t\t\t\t<\/div>\n\t\t<div class=\"elementor-element elementor-element-3e45e13 e-flex e-con-boxed e-con e-parent\" data-id=\"3e45e13\" data-element_type=\"container\" data-e-type=\"container\">\n\t\t\t\t\t<div class=\"e-con-inner\">\n\t\t<div class=\"elementor-element elementor-element-e3ea783 e-con-full e-flex e-con e-child\" data-id=\"e3ea783\" data-element_type=\"container\" data-e-type=\"container\">\n\t\t\t\t<div class=\"elementor-element elementor-element-3f86542 elementor-widget elementor-widget-image\" data-id=\"3f86542\" data-element_type=\"widget\" data-e-type=\"widget\" data-widget_type=\"image.default\">\n\t\t\t\t<div class=\"elementor-widget-container\">\n\t\t\t\t\t\t\t\t\t\t\t\t\t\t\t<img fetchpriority=\"high\" decoding=\"async\" width=\"1024\" height=\"768\" src=\"https:\/\/kuenstlerhausgoetz.de\/wp-content\/uploads\/2024\/03\/hightunnel-1-1024x768.webp\" class=\"attachment-large size-large wp-image-131\" alt=\"selbstversorgung_hightunnel_kuenstlerhaus_goetz\" srcset=\"https:\/\/kuenstlerhausgoetz.de\/wp-content\/uploads\/2024\/03\/hightunnel-1-1024x768.webp 1024w, https:\/\/kuenstlerhausgoetz.de\/wp-content\/uploads\/2024\/03\/hightunnel-1-300x225.webp 300w, https:\/\/kuenstlerhausgoetz.de\/wp-content\/uploads\/2024\/03\/hightunnel-1-768x576.webp 768w, https:\/\/kuenstlerhausgoetz.de\/wp-content\/uploads\/2024\/03\/hightunnel-1-1536x1152.webp 1536w, https:\/\/kuenstlerhausgoetz.de\/wp-content\/uploads\/2024\/03\/hightunnel-1-scaled.webp 1920w\" sizes=\"(max-width: 1024px) 100vw, 1024px\" \/>\t\t\t\t\t\t\t\t\t\t\t\t\t\t\t<\/div>\n\t\t\t\t<\/div>\n\t\t\t\t<\/div>\n\t\t<div class=\"elementor-element elementor-element-4017308 e-con-full e-flex e-con e-child\" data-id=\"4017308\" data-element_type=\"container\" data-e-type=\"container\">\n\t\t\t\t<div class=\"elementor-element elementor-element-60abbd8 elementor-widget elementor-widget-image\" data-id=\"60abbd8\" data-element_type=\"widget\" data-e-type=\"widget\" data-widget_type=\"image.default\">\n\t\t\t\t<div class=\"elementor-widget-container\">\n\t\t\t\t\t\t\t\t\t\t\t\t\t\t\t<img decoding=\"async\" width=\"1024\" height=\"768\" src=\"https:\/\/kuenstlerhausgoetz.de\/wp-content\/uploads\/2024\/03\/ert-1024x768.webp\" class=\"attachment-large size-large wp-image-143\" alt=\"huehner selbstversorgung kuenstlerhaus goetz\" srcset=\"https:\/\/kuenstlerhausgoetz.de\/wp-content\/uploads\/2024\/03\/ert-1024x768.webp 1024w, https:\/\/kuenstlerhausgoetz.de\/wp-content\/uploads\/2024\/03\/ert-300x225.webp 300w, https:\/\/kuenstlerhausgoetz.de\/wp-content\/uploads\/2024\/03\/ert-768x576.webp 768w, https:\/\/kuenstlerhausgoetz.de\/wp-content\/uploads\/2024\/03\/ert-1536x1152.webp 1536w, https:\/\/kuenstlerhausgoetz.de\/wp-content\/uploads\/2024\/03\/ert-scaled.webp 1920w\" sizes=\"(max-width: 1024px) 100vw, 1024px\" \/>\t\t\t\t\t\t\t\t\t\t\t\t\t\t\t<\/div>\n\t\t\t\t<\/div>\n\t\t\t\t<\/div>\n\t\t<div class=\"elementor-element elementor-element-3dfe4a9 e-con-full e-flex e-con e-child\" data-id=\"3dfe4a9\" data-element_type=\"container\" data-e-type=\"container\">\n\t\t\t\t<div class=\"elementor-element elementor-element-f1b3df5 elementor-widget elementor-widget-image\" data-id=\"f1b3df5\" data-element_type=\"widget\" data-e-type=\"widget\" data-widget_type=\"image.default\">\n\t\t\t\t<div class=\"elementor-widget-container\">\n\t\t\t\t\t\t\t\t\t\t\t\t\t\t\t<img decoding=\"async\" width=\"1024\" height=\"768\" src=\"https:\/\/kuenstlerhausgoetz.de\/wp-content\/uploads\/2024\/03\/ger-1024x768.webp\" class=\"attachment-large size-large wp-image-141\" alt=\"ziegen selbstversorgung kuenstlerhaus goetz\" srcset=\"https:\/\/kuenstlerhausgoetz.de\/wp-content\/uploads\/2024\/03\/ger-1024x768.webp 1024w, https:\/\/kuenstlerhausgoetz.de\/wp-content\/uploads\/2024\/03\/ger-300x225.webp 300w, https:\/\/kuenstlerhausgoetz.de\/wp-content\/uploads\/2024\/03\/ger-768x576.webp 768w, https:\/\/kuenstlerhausgoetz.de\/wp-content\/uploads\/2024\/03\/ger-1536x1152.webp 1536w, https:\/\/kuenstlerhausgoetz.de\/wp-content\/uploads\/2024\/03\/ger-scaled.webp 1920w\" sizes=\"(max-width: 1024px) 100vw, 1024px\" \/>\t\t\t\t\t\t\t\t\t\t\t\t\t\t\t<\/div>\n\t\t\t\t<\/div>\n\t\t\t\t<\/div>\n\t\t\t\t\t<\/div>\n\t\t\t\t<\/div>\n\t\t\t\t<\/div>","protected":false},"excerpt":{"rendered":"<p>Selbstversorgung steht im Zentrum der Bem\u00fchungen, um eine widerstandsf\u00e4hige Gemeinschaft mit reduzierten Lieferketten zu gew\u00e4hrleisten. Der Garten erstreckt sich \u00fcber eine Fl\u00e4che von etwa 3.500 Quadratmetern, wobei ungef\u00e4hr 150 Quadratmeter speziell f\u00fcr den Anbau von Gem\u00fcse im Freien vorgesehen sind. Zus\u00e4tzlich dazu gibt es einen 90 Quadratmeter gro\u00dfen Hightunnel, der es erm\u00f6glicht, nahezu das ganze [&hellip;]<\/p>\n","protected":false},"author":1,"featured_media":0,"parent":0,"menu_order":0,"comment_status":"closed","ping_status":"closed","template":"","meta":{"footnotes":""},"class_list":["post-105","page","type-page","status-publish","hentry"],"yoast_head":"<!-- This site is optimized with the Yoast SEO plugin v27.4 - https:\/\/yoast.com\/product\/yoast-seo-wordpress\/ -->\n<title>Selbstversorgung - K\u00fcnstlerhaus G\u00f6tz<\/title>\n<meta name=\"description\" content=\"Neben kulturellen Aktivit\u00e4ten stehen im K\u00fcnstlerhaus G\u00f6tz Gemeinschaft, Selbstversorgung und nachhaltige Resilienz im Mittelpunkt.\" \/>\n<meta name=\"robots\" content=\"index, follow, max-snippet:-1, max-image-preview:large, max-video-preview:-1\" \/>\n<link rel=\"canonical\" href=\"https:\/\/kuenstlerhausgoetz.de\/en\/selbstversorgung\/\" \/>\n<meta property=\"og:locale\" content=\"en_US\" \/>\n<meta property=\"og:type\" content=\"article\" \/>\n<meta property=\"og:title\" content=\"Selbstversorgung - K\u00fcnstlerhaus G\u00f6tz\" \/>\n<meta property=\"og:description\" content=\"Neben kulturellen Aktivit\u00e4ten stehen im K\u00fcnstlerhaus G\u00f6tz Gemeinschaft, Selbstversorgung und nachhaltige Resilienz im Mittelpunkt.\" \/>\n<meta property=\"og:url\" content=\"https:\/\/kuenstlerhausgoetz.de\/en\/selbstversorgung\/\" \/>\n<meta property=\"og:site_name\" content=\"K\u00fcnstlerhaus G\u00f6tz\" \/>\n<meta property=\"article:modified_time\" content=\"2024-05-14T09:46:56+00:00\" \/>\n<meta property=\"og:image\" content=\"https:\/\/kuenstlerhausgoetz.de\/wp-content\/uploads\/2024\/03\/hightunnel-1-1024x768.webp\" \/>\n<meta name=\"twitter:card\" content=\"summary_large_image\" \/>\n<meta name=\"twitter:label1\" content=\"Est. reading time\" \/>\n\t<meta name=\"twitter:data1\" content=\"2 minutes\" \/>\n<script type=\"application\/ld+json\" class=\"yoast-schema-graph\">{\"@context\":\"https:\\\/\\\/schema.org\",\"@graph\":[{\"@type\":\"WebPage\",\"@id\":\"https:\\\/\\\/kuenstlerhausgoetz.de\\\/selbstversorgung\",\"url\":\"https:\\\/\\\/kuenstlerhausgoetz.de\\\/selbstversorgung\",\"name\":\"Selbstversorgung - K\u00fcnstlerhaus G\u00f6tz\",\"isPartOf\":{\"@id\":\"https:\\\/\\\/kuenstlerhausgoetz.de\\\/#website\"},\"primaryImageOfPage\":{\"@id\":\"https:\\\/\\\/kuenstlerhausgoetz.de\\\/selbstversorgung#primaryimage\"},\"image\":{\"@id\":\"https:\\\/\\\/kuenstlerhausgoetz.de\\\/selbstversorgung#primaryimage\"},\"thumbnailUrl\":\"https:\\\/\\\/kuenstlerhausgoetz.de\\\/wp-content\\\/uploads\\\/2024\\\/03\\\/hightunnel-1-1024x768.webp\",\"datePublished\":\"2024-03-20T14:53:28+00:00\",\"dateModified\":\"2024-05-14T09:46:56+00:00\",\"description\":\"Neben kulturellen Aktivit\u00e4ten stehen im K\u00fcnstlerhaus G\u00f6tz Gemeinschaft, Selbstversorgung und nachhaltige Resilienz im Mittelpunkt.\",\"breadcrumb\":{\"@id\":\"https:\\\/\\\/kuenstlerhausgoetz.de\\\/selbstversorgung#breadcrumb\"},\"inLanguage\":\"en-US\",\"potentialAction\":[{\"@type\":\"ReadAction\",\"target\":[\"https:\\\/\\\/kuenstlerhausgoetz.de\\\/selbstversorgung\"]}]},{\"@type\":\"ImageObject\",\"inLanguage\":\"en-US\",\"@id\":\"https:\\\/\\\/kuenstlerhausgoetz.de\\\/selbstversorgung#primaryimage\",\"url\":\"https:\\\/\\\/kuenstlerhausgoetz.de\\\/wp-content\\\/uploads\\\/2024\\\/03\\\/hightunnel-1-1024x768.webp\",\"contentUrl\":\"https:\\\/\\\/kuenstlerhausgoetz.de\\\/wp-content\\\/uploads\\\/2024\\\/03\\\/hightunnel-1-1024x768.webp\"},{\"@type\":\"BreadcrumbList\",\"@id\":\"https:\\\/\\\/kuenstlerhausgoetz.de\\\/selbstversorgung#breadcrumb\",\"itemListElement\":[{\"@type\":\"ListItem\",\"position\":1,\"name\":\"Startseite\",\"item\":\"https:\\\/\\\/kuenstlerhausgoetz.de\\\/\"},{\"@type\":\"ListItem\",\"position\":2,\"name\":\"Selbstversorgung\"}]},{\"@type\":\"WebSite\",\"@id\":\"https:\\\/\\\/kuenstlerhausgoetz.de\\\/#website\",\"url\":\"https:\\\/\\\/kuenstlerhausgoetz.de\\\/\",\"name\":\"K\u00fcnstlerhaus G\u00f6tz\",\"description\":\"Artist Residency in Potsdam-Mittelmark\",\"publisher\":{\"@id\":\"https:\\\/\\\/kuenstlerhausgoetz.de\\\/#organization\"},\"potentialAction\":[{\"@type\":\"SearchAction\",\"target\":{\"@type\":\"EntryPoint\",\"urlTemplate\":\"https:\\\/\\\/kuenstlerhausgoetz.de\\\/?s={search_term_string}\"},\"query-input\":{\"@type\":\"PropertyValueSpecification\",\"valueRequired\":true,\"valueName\":\"search_term_string\"}}],\"inLanguage\":\"en-US\"},{\"@type\":\"Organization\",\"@id\":\"https:\\\/\\\/kuenstlerhausgoetz.de\\\/#organization\",\"name\":\"K\u00fcnstlerhaus G\u00f6tz\",\"url\":\"https:\\\/\\\/kuenstlerhausgoetz.de\\\/\",\"logo\":{\"@type\":\"ImageObject\",\"inLanguage\":\"en-US\",\"@id\":\"https:\\\/\\\/kuenstlerhausgoetz.de\\\/#\\\/schema\\\/logo\\\/image\\\/\",\"url\":\"https:\\\/\\\/kuenstlerhausgoetz.de\\\/wp-content\\\/uploads\\\/2024\\\/03\\\/kG.webp\",\"contentUrl\":\"https:\\\/\\\/kuenstlerhausgoetz.de\\\/wp-content\\\/uploads\\\/2024\\\/03\\\/kG.webp\",\"width\":500,\"height\":500,\"caption\":\"K\u00fcnstlerhaus G\u00f6tz\"},\"image\":{\"@id\":\"https:\\\/\\\/kuenstlerhausgoetz.de\\\/#\\\/schema\\\/logo\\\/image\\\/\"}}]}<\/script>\n<!-- \/ Yoast SEO plugin. -->","yoast_head_json":{"title":"Selbstversorgung - K\u00fcnstlerhaus G\u00f6tz","description":"Neben kulturellen Aktivit\u00e4ten stehen im K\u00fcnstlerhaus G\u00f6tz Gemeinschaft, Selbstversorgung und nachhaltige Resilienz im Mittelpunkt.","robots":{"index":"index","follow":"follow","max-snippet":"max-snippet:-1","max-image-preview":"max-image-preview:large","max-video-preview":"max-video-preview:-1"},"canonical":"https:\/\/kuenstlerhausgoetz.de\/en\/selbstversorgung\/","og_locale":"en_US","og_type":"article","og_title":"Selbstversorgung - K\u00fcnstlerhaus G\u00f6tz","og_description":"Neben kulturellen Aktivit\u00e4ten stehen im K\u00fcnstlerhaus G\u00f6tz Gemeinschaft, Selbstversorgung und nachhaltige Resilienz im Mittelpunkt.","og_url":"https:\/\/kuenstlerhausgoetz.de\/en\/selbstversorgung\/","og_site_name":"K\u00fcnstlerhaus G\u00f6tz","article_modified_time":"2024-05-14T09:46:56+00:00","og_image":[{"url":"https:\/\/kuenstlerhausgoetz.de\/wp-content\/uploads\/2024\/03\/hightunnel-1-1024x768.webp","type":"","width":"","height":""}],"twitter_card":"summary_large_image","twitter_misc":{"Est. reading time":"2 minutes"},"schema":{"@context":"https:\/\/schema.org","@graph":[{"@type":"WebPage","@id":"https:\/\/kuenstlerhausgoetz.de\/selbstversorgung","url":"https:\/\/kuenstlerhausgoetz.de\/selbstversorgung","name":"Selbstversorgung - K\u00fcnstlerhaus G\u00f6tz","isPartOf":{"@id":"https:\/\/kuenstlerhausgoetz.de\/#website"},"primaryImageOfPage":{"@id":"https:\/\/kuenstlerhausgoetz.de\/selbstversorgung#primaryimage"},"image":{"@id":"https:\/\/kuenstlerhausgoetz.de\/selbstversorgung#primaryimage"},"thumbnailUrl":"https:\/\/kuenstlerhausgoetz.de\/wp-content\/uploads\/2024\/03\/hightunnel-1-1024x768.webp","datePublished":"2024-03-20T14:53:28+00:00","dateModified":"2024-05-14T09:46:56+00:00","description":"Neben kulturellen Aktivit\u00e4ten stehen im K\u00fcnstlerhaus G\u00f6tz Gemeinschaft, Selbstversorgung und nachhaltige Resilienz im Mittelpunkt.","breadcrumb":{"@id":"https:\/\/kuenstlerhausgoetz.de\/selbstversorgung#breadcrumb"},"inLanguage":"en-US","potentialAction":[{"@type":"ReadAction","target":["https:\/\/kuenstlerhausgoetz.de\/selbstversorgung"]}]},{"@type":"ImageObject","inLanguage":"en-US","@id":"https:\/\/kuenstlerhausgoetz.de\/selbstversorgung#primaryimage","url":"https:\/\/kuenstlerhausgoetz.de\/wp-content\/uploads\/2024\/03\/hightunnel-1-1024x768.webp","contentUrl":"https:\/\/kuenstlerhausgoetz.de\/wp-content\/uploads\/2024\/03\/hightunnel-1-1024x768.webp"},{"@type":"BreadcrumbList","@id":"https:\/\/kuenstlerhausgoetz.de\/selbstversorgung#breadcrumb","itemListElement":[{"@type":"ListItem","position":1,"name":"Startseite","item":"https:\/\/kuenstlerhausgoetz.de\/"},{"@type":"ListItem","position":2,"name":"Selbstversorgung"}]},{"@type":"WebSite","@id":"https:\/\/kuenstlerhausgoetz.de\/#website","url":"https:\/\/kuenstlerhausgoetz.de\/","name":"G\u00f6tz Artists&#039; House","description":"Artist Residency in Potsdam-Mittelmark","publisher":{"@id":"https:\/\/kuenstlerhausgoetz.de\/#organization"},"potentialAction":[{"@type":"SearchAction","target":{"@type":"EntryPoint","urlTemplate":"https:\/\/kuenstlerhausgoetz.de\/?s={search_term_string}"},"query-input":{"@type":"PropertyValueSpecification","valueRequired":true,"valueName":"search_term_string"}}],"inLanguage":"en-US"},{"@type":"Organization","@id":"https:\/\/kuenstlerhausgoetz.de\/#organization","name":"G\u00f6tz Artists&#039; House","url":"https:\/\/kuenstlerhausgoetz.de\/","logo":{"@type":"ImageObject","inLanguage":"en-US","@id":"https:\/\/kuenstlerhausgoetz.de\/#\/schema\/logo\/image\/","url":"https:\/\/kuenstlerhausgoetz.de\/wp-content\/uploads\/2024\/03\/kG.webp","contentUrl":"https:\/\/kuenstlerhausgoetz.de\/wp-content\/uploads\/2024\/03\/kG.webp","width":500,"height":500,"caption":"K\u00fcnstlerhaus G\u00f6tz"},"image":{"@id":"https:\/\/kuenstlerhausgoetz.de\/#\/schema\/logo\/image\/"}}]}},"_links":{"self":[{"href":"https:\/\/kuenstlerhausgoetz.de\/en\/wp-json\/wp\/v2\/pages\/105","targetHints":{"allow":["GET"]}}],"collection":[{"href":"https:\/\/kuenstlerhausgoetz.de\/en\/wp-json\/wp\/v2\/pages"}],"about":[{"href":"https:\/\/kuenstlerhausgoetz.de\/en\/wp-json\/wp\/v2\/types\/page"}],"author":[{"embeddable":true,"href":"https:\/\/kuenstlerhausgoetz.de\/en\/wp-json\/wp\/v2\/users\/1"}],"replies":[{"embeddable":true,"href":"https:\/\/kuenstlerhausgoetz.de\/en\/wp-json\/wp\/v2\/comments?post=105"}],"version-history":[{"count":69,"href":"https:\/\/kuenstlerhausgoetz.de\/en\/wp-json\/wp\/v2\/pages\/105\/revisions"}],"predecessor-version":[{"id":936,"href":"https:\/\/kuenstlerhausgoetz.de\/en\/wp-json\/wp\/v2\/pages\/105\/revisions\/936"}],"wp:attachment":[{"href":"https:\/\/kuenstlerhausgoetz.de\/en\/wp-json\/wp\/v2\/media?parent=105"}],"curies":[{"name":"wp","href":"https:\/\/api.w.org\/{rel}","templated":true}]}}