{"id":1132,"date":"2024-11-03T11:32:53","date_gmt":"2024-11-03T10:32:53","guid":{"rendered":"https:\/\/kuenstlerhausgoetz.de\/?page_id=1132"},"modified":"2024-11-29T04:52:07","modified_gmt":"2024-11-29T03:52:07","slug":"pressemitteilung-niall-dooley","status":"publish","type":"page","link":"https:\/\/kuenstlerhausgoetz.de\/en\/pressemitteilung-niall-dooley","title":{"rendered":"Pressemitteilung &#8211; Niall Dooley"},"content":{"rendered":"<div data-elementor-type=\"wp-page\" data-elementor-id=\"1132\" class=\"elementor elementor-1132\">\n\t\t\t\t<div class=\"elementor-element elementor-element-ffa948c e-flex e-con-boxed e-con e-parent\" data-id=\"ffa948c\" data-element_type=\"container\" data-e-type=\"container\">\n\t\t\t\t\t<div class=\"e-con-inner\">\n\t\t\t\t<div class=\"elementor-element elementor-element-13b1b4e elementor-widget elementor-widget-text-editor\" data-id=\"13b1b4e\" data-element_type=\"widget\" data-e-type=\"widget\" data-widget_type=\"text-editor.default\">\n\t\t\t\t<div class=\"elementor-widget-container\">\n\t\t\t\t\t\t\t\t\t<p><span style=\"font-family: Verdana, sans-serif;\"><span style=\"font-size: large;\"><u><b>Press Release 01.09.2024<\/b><\/u><\/span><\/span><\/p>\n<p><span style=\"font-family: Verdana, sans-serif;\"><span style=\"font-size: small;\">The K\u00fcnstlerhaus G\u00f6tz is pleased to present a mural by artist Niall Dooley. This painting visually transforms our entrance gate into a dialog about the current progression of artificial intelligence in regards to our embodied connection to, and dependency on, nature. The large-format mural creates an interactive opportunity for reflection, and interpretation about how we coexist with impending technology.<\/span><\/span><\/p>\n<p><span style=\"font-family: Verdana, sans-serif;\"><span style=\"font-size: small;\">In this work, the digital and natural worlds are counterposed through a striking visual composition. Six bodily figures form a protective arch over a central scene, set against a background of matrix-like binary code. At the heart of the image, a young woman waters a plant, symbolizing humanity\u2019s connection to both the earth and nature. This arch acts as a boundary, separating the dark, code-lined frame from the bright, open sky with the sun, moon, and stars, representing the challenges of balancing technological development with our natural world. The mural\u2019s visual language conveys that nature can only thrive within a space of solidarity, as suggested by the arrangement of figures. Meanwhile, the binary code, cascading from above, increasingly penetrates our daily lives through artificial intelligence and the digitalization of everything, reflecting the growing force of technology in our world.<\/span><\/span><\/p>\n<p><span style=\"font-family: Verdana, sans-serif;\"><span style=\"font-size: small;\">Dooley shows this as a physical conflict \u2013 the anatomical sphere becomes the battleground. Perhaps an echo back to a now renewed conversation. Beyond Barbara Kruger's gender identity and reproductive freedom, the phrase \"your body is a battleground\" can now also become a question of the continuity of \"humanness.\"<\/span><\/span><\/p>\n<p><span style=\"font-family: Verdana, sans-serif;\"><span style=\"font-size: small;\">Particular is the work's composition: The bending figures create an arch that locks the viewer's gaze to the central scene of plant care. The two-dimensionality invites visitors, as if into a Hortus Conclusus, to walk into the image and through the gate. The possible third and fourth dimensions remain for us, the viewers, to digest. Day and night coexist simultaneously; the sun, moon, and stars lend a timeless, cyclical dimension.<\/span><\/span><\/p>\n<p><span style=\"font-family: Verdana, sans-serif;\"><span style=\"font-size: small;\">Niall Dooley's mural prompts reflection on fundamental questions of our time: How can we preserve our human existence and connection to nature while spiraling into the digital age? In which direction is technology growing \u2013 does it fall upon us uncontrollably like a collapsing dimension or like heavy rain? The artwork suggests, perhaps even optimistically, that the answer lies in interpersonal solidarity.<\/span><\/span><\/p>\n<p><span style=\"font-family: Verdana, sans-serif;\"><span style=\"font-size: small;\">The gate mural is accessible to the public around the clock.<\/span><\/span><\/p>\t\t\t\t\t\t\t\t<\/div>\n\t\t\t\t<\/div>\n\t\t\t\t\t<\/div>\n\t\t\t\t<\/div>\n\t\t<div class=\"elementor-element elementor-element-aae52ea e-flex e-con-boxed e-con e-parent\" data-id=\"aae52ea\" data-element_type=\"container\" data-e-type=\"container\">\n\t\t\t\t\t<div class=\"e-con-inner\">\n\t\t\t\t<div class=\"elementor-element elementor-element-1f73a3e elementor-widget elementor-widget-image\" data-id=\"1f73a3e\" data-element_type=\"widget\" data-e-type=\"widget\" data-widget_type=\"image.default\">\n\t\t\t\t<div class=\"elementor-widget-container\">\n\t\t\t\t\t\t\t\t\t\t\t\t\t\t\t<img fetchpriority=\"high\" decoding=\"async\" width=\"1024\" height=\"768\" src=\"https:\/\/kuenstlerhausgoetz.de\/wp-content\/uploads\/2024\/10\/gate_niall-1024x768.jpg\" class=\"attachment-large size-large wp-image-1092\" alt=\"\" srcset=\"https:\/\/kuenstlerhausgoetz.de\/wp-content\/uploads\/2024\/10\/gate_niall-1024x768.jpg 1024w, https:\/\/kuenstlerhausgoetz.de\/wp-content\/uploads\/2024\/10\/gate_niall-300x225.jpg 300w, https:\/\/kuenstlerhausgoetz.de\/wp-content\/uploads\/2024\/10\/gate_niall-768x576.jpg 768w, https:\/\/kuenstlerhausgoetz.de\/wp-content\/uploads\/2024\/10\/gate_niall-1536x1152.jpg 1536w, https:\/\/kuenstlerhausgoetz.de\/wp-content\/uploads\/2024\/10\/gate_niall-2048x1536.jpg 2048w, https:\/\/kuenstlerhausgoetz.de\/wp-content\/uploads\/2024\/10\/gate_niall-16x12.jpg 16w\" sizes=\"(max-width: 1024px) 100vw, 1024px\" \/>\t\t\t\t\t\t\t\t\t\t\t\t\t\t\t<\/div>\n\t\t\t\t<\/div>\n\t\t\t\t\t<\/div>\n\t\t\t\t<\/div>\n\t\t\t\t<\/div>","protected":false},"excerpt":{"rendered":"<p>Pressemitteilung: 01.09.2024 Das K\u00fcnstlerhaus G\u00f6tz freut sich, ein Wandbild des K\u00fcnstlers Niall Dooley zu pr\u00e4sentieren. Dieses Gem\u00e4lde verwandelt unser Eingangstor visuell in einen Dialog \u00fcber den aktuellen Fortschritt der k\u00fcnstlichen Intelligenz in Bezug auf unsere verk\u00f6rperte Verbindung zu und Abh\u00e4ngigkeit von der Natur. Das gro\u00dfformatige Wandbild bietet eine interaktive Gelegenheit zur Reflexion und Interpretation dar\u00fcber, [&hellip;]<\/p>\n","protected":false},"author":1,"featured_media":0,"parent":0,"menu_order":0,"comment_status":"closed","ping_status":"closed","template":"","meta":{"footnotes":""},"class_list":["post-1132","page","type-page","status-publish","hentry"],"yoast_head":"<!-- This site is optimized with the Yoast SEO plugin v27.4 - https:\/\/yoast.com\/product\/yoast-seo-wordpress\/ -->\n<title>Pressemitteilung - Niall Dooley - K\u00fcnstlerhaus G\u00f6tz<\/title>\n<meta name=\"robots\" content=\"index, follow, max-snippet:-1, max-image-preview:large, max-video-preview:-1\" \/>\n<link rel=\"canonical\" href=\"https:\/\/kuenstlerhausgoetz.de\/en\/pressemitteilung-niall-dooley\/\" \/>\n<meta property=\"og:locale\" content=\"en_US\" \/>\n<meta property=\"og:type\" content=\"article\" \/>\n<meta property=\"og:title\" content=\"Pressemitteilung - Niall Dooley - K\u00fcnstlerhaus G\u00f6tz\" \/>\n<meta property=\"og:description\" content=\"Pressemitteilung: 01.09.2024 Das K\u00fcnstlerhaus G\u00f6tz freut sich, ein Wandbild des K\u00fcnstlers Niall Dooley zu pr\u00e4sentieren. Dieses Gem\u00e4lde verwandelt unser Eingangstor visuell in einen Dialog \u00fcber den aktuellen Fortschritt der k\u00fcnstlichen Intelligenz in Bezug auf unsere verk\u00f6rperte Verbindung zu und Abh\u00e4ngigkeit von der Natur. Das gro\u00dfformatige Wandbild bietet eine interaktive Gelegenheit zur Reflexion und Interpretation dar\u00fcber, [&hellip;]\" \/>\n<meta property=\"og:url\" content=\"https:\/\/kuenstlerhausgoetz.de\/en\/pressemitteilung-niall-dooley\/\" \/>\n<meta property=\"og:site_name\" content=\"K\u00fcnstlerhaus G\u00f6tz\" \/>\n<meta property=\"article:modified_time\" content=\"2024-11-29T03:52:07+00:00\" \/>\n<meta property=\"og:image\" content=\"https:\/\/kuenstlerhausgoetz.de\/wp-content\/uploads\/2024\/10\/gate_niall-scaled.jpg\" \/>\n\t<meta property=\"og:image:width\" content=\"2560\" \/>\n\t<meta property=\"og:image:height\" content=\"1920\" \/>\n\t<meta property=\"og:image:type\" content=\"image\/jpeg\" \/>\n<meta name=\"twitter:card\" content=\"summary_large_image\" \/>\n<meta name=\"twitter:label1\" content=\"Est. reading time\" \/>\n\t<meta name=\"twitter:data1\" content=\"3 minutes\" \/>\n<script type=\"application\/ld+json\" class=\"yoast-schema-graph\">{\"@context\":\"https:\\\/\\\/schema.org\",\"@graph\":[{\"@type\":\"WebPage\",\"@id\":\"https:\\\/\\\/kuenstlerhausgoetz.de\\\/pressemitteilung-niall-dooley\",\"url\":\"https:\\\/\\\/kuenstlerhausgoetz.de\\\/pressemitteilung-niall-dooley\",\"name\":\"Pressemitteilung - Niall Dooley - K\u00fcnstlerhaus G\u00f6tz\",\"isPartOf\":{\"@id\":\"https:\\\/\\\/kuenstlerhausgoetz.de\\\/#website\"},\"primaryImageOfPage\":{\"@id\":\"https:\\\/\\\/kuenstlerhausgoetz.de\\\/pressemitteilung-niall-dooley#primaryimage\"},\"image\":{\"@id\":\"https:\\\/\\\/kuenstlerhausgoetz.de\\\/pressemitteilung-niall-dooley#primaryimage\"},\"thumbnailUrl\":\"https:\\\/\\\/kuenstlerhausgoetz.de\\\/wp-content\\\/uploads\\\/2024\\\/10\\\/gate_niall-1024x768.jpg\",\"datePublished\":\"2024-11-03T10:32:53+00:00\",\"dateModified\":\"2024-11-29T03:52:07+00:00\",\"breadcrumb\":{\"@id\":\"https:\\\/\\\/kuenstlerhausgoetz.de\\\/pressemitteilung-niall-dooley#breadcrumb\"},\"inLanguage\":\"en-US\",\"potentialAction\":[{\"@type\":\"ReadAction\",\"target\":[\"https:\\\/\\\/kuenstlerhausgoetz.de\\\/pressemitteilung-niall-dooley\"]}]},{\"@type\":\"ImageObject\",\"inLanguage\":\"en-US\",\"@id\":\"https:\\\/\\\/kuenstlerhausgoetz.de\\\/pressemitteilung-niall-dooley#primaryimage\",\"url\":\"https:\\\/\\\/kuenstlerhausgoetz.de\\\/wp-content\\\/uploads\\\/2024\\\/10\\\/gate_niall-1024x768.jpg\",\"contentUrl\":\"https:\\\/\\\/kuenstlerhausgoetz.de\\\/wp-content\\\/uploads\\\/2024\\\/10\\\/gate_niall-1024x768.jpg\"},{\"@type\":\"BreadcrumbList\",\"@id\":\"https:\\\/\\\/kuenstlerhausgoetz.de\\\/pressemitteilung-niall-dooley#breadcrumb\",\"itemListElement\":[{\"@type\":\"ListItem\",\"position\":1,\"name\":\"Startseite\",\"item\":\"https:\\\/\\\/kuenstlerhausgoetz.de\\\/\"},{\"@type\":\"ListItem\",\"position\":2,\"name\":\"Pressemitteilung &#8211; Niall Dooley\"}]},{\"@type\":\"WebSite\",\"@id\":\"https:\\\/\\\/kuenstlerhausgoetz.de\\\/#website\",\"url\":\"https:\\\/\\\/kuenstlerhausgoetz.de\\\/\",\"name\":\"K\u00fcnstlerhaus G\u00f6tz\",\"description\":\"Artist Residency in Potsdam-Mittelmark\",\"publisher\":{\"@id\":\"https:\\\/\\\/kuenstlerhausgoetz.de\\\/#organization\"},\"potentialAction\":[{\"@type\":\"SearchAction\",\"target\":{\"@type\":\"EntryPoint\",\"urlTemplate\":\"https:\\\/\\\/kuenstlerhausgoetz.de\\\/?s={search_term_string}\"},\"query-input\":{\"@type\":\"PropertyValueSpecification\",\"valueRequired\":true,\"valueName\":\"search_term_string\"}}],\"inLanguage\":\"en-US\"},{\"@type\":\"Organization\",\"@id\":\"https:\\\/\\\/kuenstlerhausgoetz.de\\\/#organization\",\"name\":\"K\u00fcnstlerhaus G\u00f6tz\",\"url\":\"https:\\\/\\\/kuenstlerhausgoetz.de\\\/\",\"logo\":{\"@type\":\"ImageObject\",\"inLanguage\":\"en-US\",\"@id\":\"https:\\\/\\\/kuenstlerhausgoetz.de\\\/#\\\/schema\\\/logo\\\/image\\\/\",\"url\":\"https:\\\/\\\/kuenstlerhausgoetz.de\\\/wp-content\\\/uploads\\\/2024\\\/03\\\/kG.webp\",\"contentUrl\":\"https:\\\/\\\/kuenstlerhausgoetz.de\\\/wp-content\\\/uploads\\\/2024\\\/03\\\/kG.webp\",\"width\":500,\"height\":500,\"caption\":\"K\u00fcnstlerhaus G\u00f6tz\"},\"image\":{\"@id\":\"https:\\\/\\\/kuenstlerhausgoetz.de\\\/#\\\/schema\\\/logo\\\/image\\\/\"}}]}<\/script>\n<!-- \/ Yoast SEO plugin. -->","yoast_head_json":{"title":"Pressemitteilung - Niall Dooley - K\u00fcnstlerhaus G\u00f6tz","robots":{"index":"index","follow":"follow","max-snippet":"max-snippet:-1","max-image-preview":"max-image-preview:large","max-video-preview":"max-video-preview:-1"},"canonical":"https:\/\/kuenstlerhausgoetz.de\/en\/pressemitteilung-niall-dooley\/","og_locale":"en_US","og_type":"article","og_title":"Pressemitteilung - Niall Dooley - K\u00fcnstlerhaus G\u00f6tz","og_description":"Pressemitteilung: 01.09.2024 Das K\u00fcnstlerhaus G\u00f6tz freut sich, ein Wandbild des K\u00fcnstlers Niall Dooley zu pr\u00e4sentieren. Dieses Gem\u00e4lde verwandelt unser Eingangstor visuell in einen Dialog \u00fcber den aktuellen Fortschritt der k\u00fcnstlichen Intelligenz in Bezug auf unsere verk\u00f6rperte Verbindung zu und Abh\u00e4ngigkeit von der Natur. Das gro\u00dfformatige Wandbild bietet eine interaktive Gelegenheit zur Reflexion und Interpretation dar\u00fcber, [&hellip;]","og_url":"https:\/\/kuenstlerhausgoetz.de\/en\/pressemitteilung-niall-dooley\/","og_site_name":"K\u00fcnstlerhaus G\u00f6tz","article_modified_time":"2024-11-29T03:52:07+00:00","og_image":[{"width":2560,"height":1920,"url":"https:\/\/kuenstlerhausgoetz.de\/wp-content\/uploads\/2024\/10\/gate_niall-scaled.jpg","type":"image\/jpeg"}],"twitter_card":"summary_large_image","twitter_misc":{"Est. reading time":"3 minutes"},"schema":{"@context":"https:\/\/schema.org","@graph":[{"@type":"WebPage","@id":"https:\/\/kuenstlerhausgoetz.de\/pressemitteilung-niall-dooley","url":"https:\/\/kuenstlerhausgoetz.de\/pressemitteilung-niall-dooley","name":"Pressemitteilung - Niall Dooley - K\u00fcnstlerhaus G\u00f6tz","isPartOf":{"@id":"https:\/\/kuenstlerhausgoetz.de\/#website"},"primaryImageOfPage":{"@id":"https:\/\/kuenstlerhausgoetz.de\/pressemitteilung-niall-dooley#primaryimage"},"image":{"@id":"https:\/\/kuenstlerhausgoetz.de\/pressemitteilung-niall-dooley#primaryimage"},"thumbnailUrl":"https:\/\/kuenstlerhausgoetz.de\/wp-content\/uploads\/2024\/10\/gate_niall-1024x768.jpg","datePublished":"2024-11-03T10:32:53+00:00","dateModified":"2024-11-29T03:52:07+00:00","breadcrumb":{"@id":"https:\/\/kuenstlerhausgoetz.de\/pressemitteilung-niall-dooley#breadcrumb"},"inLanguage":"en-US","potentialAction":[{"@type":"ReadAction","target":["https:\/\/kuenstlerhausgoetz.de\/pressemitteilung-niall-dooley"]}]},{"@type":"ImageObject","inLanguage":"en-US","@id":"https:\/\/kuenstlerhausgoetz.de\/pressemitteilung-niall-dooley#primaryimage","url":"https:\/\/kuenstlerhausgoetz.de\/wp-content\/uploads\/2024\/10\/gate_niall-1024x768.jpg","contentUrl":"https:\/\/kuenstlerhausgoetz.de\/wp-content\/uploads\/2024\/10\/gate_niall-1024x768.jpg"},{"@type":"BreadcrumbList","@id":"https:\/\/kuenstlerhausgoetz.de\/pressemitteilung-niall-dooley#breadcrumb","itemListElement":[{"@type":"ListItem","position":1,"name":"Startseite","item":"https:\/\/kuenstlerhausgoetz.de\/"},{"@type":"ListItem","position":2,"name":"Pressemitteilung &#8211; Niall Dooley"}]},{"@type":"WebSite","@id":"https:\/\/kuenstlerhausgoetz.de\/#website","url":"https:\/\/kuenstlerhausgoetz.de\/","name":"G\u00f6tz Artists&#039; House","description":"Artist Residency in Potsdam-Mittelmark","publisher":{"@id":"https:\/\/kuenstlerhausgoetz.de\/#organization"},"potentialAction":[{"@type":"SearchAction","target":{"@type":"EntryPoint","urlTemplate":"https:\/\/kuenstlerhausgoetz.de\/?s={search_term_string}"},"query-input":{"@type":"PropertyValueSpecification","valueRequired":true,"valueName":"search_term_string"}}],"inLanguage":"en-US"},{"@type":"Organization","@id":"https:\/\/kuenstlerhausgoetz.de\/#organization","name":"G\u00f6tz Artists&#039; House","url":"https:\/\/kuenstlerhausgoetz.de\/","logo":{"@type":"ImageObject","inLanguage":"en-US","@id":"https:\/\/kuenstlerhausgoetz.de\/#\/schema\/logo\/image\/","url":"https:\/\/kuenstlerhausgoetz.de\/wp-content\/uploads\/2024\/03\/kG.webp","contentUrl":"https:\/\/kuenstlerhausgoetz.de\/wp-content\/uploads\/2024\/03\/kG.webp","width":500,"height":500,"caption":"K\u00fcnstlerhaus G\u00f6tz"},"image":{"@id":"https:\/\/kuenstlerhausgoetz.de\/#\/schema\/logo\/image\/"}}]}},"_links":{"self":[{"href":"https:\/\/kuenstlerhausgoetz.de\/en\/wp-json\/wp\/v2\/pages\/1132","targetHints":{"allow":["GET"]}}],"collection":[{"href":"https:\/\/kuenstlerhausgoetz.de\/en\/wp-json\/wp\/v2\/pages"}],"about":[{"href":"https:\/\/kuenstlerhausgoetz.de\/en\/wp-json\/wp\/v2\/types\/page"}],"author":[{"embeddable":true,"href":"https:\/\/kuenstlerhausgoetz.de\/en\/wp-json\/wp\/v2\/users\/1"}],"replies":[{"embeddable":true,"href":"https:\/\/kuenstlerhausgoetz.de\/en\/wp-json\/wp\/v2\/comments?post=1132"}],"version-history":[{"count":7,"href":"https:\/\/kuenstlerhausgoetz.de\/en\/wp-json\/wp\/v2\/pages\/1132\/revisions"}],"predecessor-version":[{"id":1158,"href":"https:\/\/kuenstlerhausgoetz.de\/en\/wp-json\/wp\/v2\/pages\/1132\/revisions\/1158"}],"wp:attachment":[{"href":"https:\/\/kuenstlerhausgoetz.de\/en\/wp-json\/wp\/v2\/media?parent=1132"}],"curies":[{"name":"wp","href":"https:\/\/api.w.org\/{rel}","templated":true}]}}