{"id":15,"date":"2024-03-20T08:12:54","date_gmt":"2024-03-20T08:12:54","guid":{"rendered":"http:\/\/kuenstlerhausgoetz.de\/?page_id=15"},"modified":"2024-11-01T09:09:39","modified_gmt":"2024-11-01T08:09:39","slug":"standort","status":"publish","type":"page","link":"https:\/\/kuenstlerhausgoetz.de\/en\/standort","title":{"rendered":"Location"},"content":{"rendered":"<div data-elementor-type=\"wp-page\" data-elementor-id=\"15\" class=\"elementor elementor-15\">\n\t\t\t\t<div class=\"elementor-element elementor-element-9daf98d e-flex e-con-boxed e-con e-parent\" data-id=\"9daf98d\" data-element_type=\"container\" data-e-type=\"container\">\n\t\t\t\t\t<div class=\"e-con-inner\">\n\t\t\t\t<div class=\"elementor-element elementor-element-3816fe4 elementor-widget elementor-widget-google_maps\" data-id=\"3816fe4\" data-element_type=\"widget\" data-e-type=\"widget\" data-widget_type=\"google_maps.default\">\n\t\t\t\t<div class=\"elementor-widget-container\">\n\t\t\t\t\t\t\t<div class=\"elementor-custom-embed\">\n\t\t\t<iframe loading=\"lazy\"\n\t\t\t\t\tsrc=\"https:\/\/maps.google.com\/maps?q=G%C3%B6tzer%20Dorfstr.%2059%2C%2014550%2C%20Deutschland&#038;t=m&#038;z=10&#038;output=embed&#038;iwloc=near\"\n\t\t\t\t\ttitle=\"G\u00f6tzer Dorfstr. 59, 14550, Germany\"\n\t\t\t\t\taria-label=\"G\u00f6tzer Dorfstr. 59, 14550, Germany\"\n\t\t\t><\/iframe>\n\t\t<\/div>\n\t\t\t\t\t\t<\/div>\n\t\t\t\t<\/div>\n\t\t\t\t\t<\/div>\n\t\t\t\t<\/div>\n\t\t<div class=\"elementor-element elementor-element-e56a36f e-flex e-con-boxed e-con e-parent\" data-id=\"e56a36f\" data-element_type=\"container\" data-e-type=\"container\">\n\t\t\t\t\t<div class=\"e-con-inner\">\n\t\t\t\t<div class=\"elementor-element elementor-element-d988657 elementor-widget elementor-widget-image\" data-id=\"d988657\" data-element_type=\"widget\" data-e-type=\"widget\" data-widget_type=\"image.default\">\n\t\t\t\t<div class=\"elementor-widget-container\">\n\t\t\t\t\t\t\t\t\t\t\t\t\t\t\t<img fetchpriority=\"high\" decoding=\"async\" width=\"1024\" height=\"344\" src=\"https:\/\/kuenstlerhausgoetz.de\/wp-content\/uploads\/2024\/03\/IMG_1117-1-1024x344.webp\" class=\"attachment-large size-large wp-image-262\" alt=\"goetzer berge kuenstlerhaus\" srcset=\"https:\/\/kuenstlerhausgoetz.de\/wp-content\/uploads\/2024\/03\/IMG_1117-1-1024x344.webp 1024w, https:\/\/kuenstlerhausgoetz.de\/wp-content\/uploads\/2024\/03\/IMG_1117-1-300x101.webp 300w, https:\/\/kuenstlerhausgoetz.de\/wp-content\/uploads\/2024\/03\/IMG_1117-1-768x258.webp 768w, https:\/\/kuenstlerhausgoetz.de\/wp-content\/uploads\/2024\/03\/IMG_1117-1-1536x516.webp 1536w, https:\/\/kuenstlerhausgoetz.de\/wp-content\/uploads\/2024\/03\/IMG_1117-1-scaled.webp 1920w\" sizes=\"(max-width: 1024px) 100vw, 1024px\" \/>\t\t\t\t\t\t\t\t\t\t\t\t\t\t\t<\/div>\n\t\t\t\t<\/div>\n\t\t\t\t\t<\/div>\n\t\t\t\t<\/div>\n\t\t<div class=\"elementor-element elementor-element-35e90ab e-flex e-con-boxed e-con e-parent\" data-id=\"35e90ab\" data-element_type=\"container\" data-e-type=\"container\">\n\t\t\t\t\t<div class=\"e-con-inner\">\n\t\t\t\t<div class=\"elementor-element elementor-element-78e3020 elementor-widget elementor-widget-text-editor\" data-id=\"78e3020\" data-element_type=\"widget\" data-e-type=\"widget\" data-widget_type=\"text-editor.default\">\n\t\t\t\t<div class=\"elementor-widget-container\">\n\t\t\t\t\t\t\t\t\t<p>Gros Kreutz, G\u00f6tz is a small but growing village with less than 1,500 inhabitants. G\u00f6tz was first mentioned in writing in 1193 and has <a href=\"https:\/\/blha.brandenburg.de\/wp-content\/uploads\/2017\/07\/Neu_TagBbgOrtsgesch2009_MsHelle_doerflEntw.pdf\" target=\"_blank\" rel=\"noopener\">a long, rich history<\/a> . The house is directly across from the G\u00f6tz church which was build with field rocks in 1250.<\/p>\n<p>The southwest side of the property regularly offers beautiful sunsets with views of the G\u00f6tzer See nature moor area. Theoretically, this lake could be reached on foot - but actually only after several freezing winter days, when everything is well frozen, then the lake is also ideal for ice skating.<\/p>\n<p><!-- \/wp:paragraph --><!-- wp:paragraph --><\/p>\n<p>The nearby forests are often visited by mushroom pickers as they are home to numerous sought-after mushrooms. The G\u00f6tzerberge hill chain was formed during the Ice Age and can be reached on foot in about 10 minutes. At the highest point of the <a href=\"https:\/\/de.wikipedia.org\/wiki\/G%C3%B6tzer_Berg\" target=\"_blank\" rel=\"noopener\">G\u00f6tzer Mountains<\/a> There is a lookout tower from which, on clear days, you can see as far as Berlin.<\/p>\n<p><!-- \/wp:paragraph --><!-- wp:paragraph --><\/p>\n<p>Durch die zahlreichen Wander- und Fahrradwege gelangt man zu mehreren nat\u00fcrlichen Badestellen sowie Orten f\u00fcr Kajakfahren, Bootsnutzung und -verleih, entweder direkt an der Havel, oder zu den sogenannten \u201eErdl\u00f6chern\u201c. Die <a href=\"https:\/\/www.komoot.com\/de-de\/highlight\/396367\" target=\"_blank\" rel=\"noopener\">\u201eDeetzer Erdl\u00f6cher\u201c<\/a> entstanden fr\u00fcher als Tongruben f\u00fcr die Backsteinherstellung und sind heute ein Labyrinth von wundersch\u00f6nen Wanderwegen, um die kleinen Seen herum.<\/p>\n<p><!-- \/wp:paragraph --><!-- wp:paragraph --><\/p>\n<p>Der <a href=\"https:\/\/www.radreise-wiki.de\/Havel\" target=\"_blank\" rel=\"noopener\">Havelradweg <\/a>f\u00fchrt direkt vor der Haust\u00fcr entlang. Ein nahegelegener Supermarkt wird derzeit im Ortsteil Jeserig gebaut. Der G\u00f6tzer Bahnhof ist etwa 13 Minuten zu Fu\u00df erreichbar. Die Z\u00fcge fahren st\u00fcndlich Richtung Berlin, Potsdam und Brandenburg an der Havel. Mit dem RE1 erreicht man Berlin-Charlottenburg in etwa 50 Minuten.<\/p>\t\t\t\t\t\t\t\t<\/div>\n\t\t\t\t<\/div>\n\t\t\t\t\t<\/div>\n\t\t\t\t<\/div>\n\t\t<div class=\"elementor-element elementor-element-dbaf605 e-flex e-con-boxed e-con e-parent\" data-id=\"dbaf605\" data-element_type=\"container\" data-e-type=\"container\">\n\t\t\t\t\t<div class=\"e-con-inner\">\n\t\t\t\t<div class=\"elementor-element elementor-element-334c9d0 elementor-widget elementor-widget-image\" data-id=\"334c9d0\" data-element_type=\"widget\" data-e-type=\"widget\" data-widget_type=\"image.default\">\n\t\t\t\t<div class=\"elementor-widget-container\">\n\t\t\t\t\t\t\t\t\t\t\t\t<figure class=\"wp-caption\">\n\t\t\t\t\t\t\t\t\t\t<img decoding=\"async\" width=\"768\" height=\"1024\" src=\"https:\/\/kuenstlerhausgoetz.de\/wp-content\/uploads\/2024\/03\/Aussichtsturm_Goetzer_Berg_Brandenburg_3-768x1024.webp\" class=\"attachment-large size-large wp-image-781\" alt=\"G\u00f6tzer Aussichtsturm\" srcset=\"https:\/\/kuenstlerhausgoetz.de\/wp-content\/uploads\/2024\/03\/Aussichtsturm_Goetzer_Berg_Brandenburg_3-768x1024.webp 768w, https:\/\/kuenstlerhausgoetz.de\/wp-content\/uploads\/2024\/03\/Aussichtsturm_Goetzer_Berg_Brandenburg_3-225x300.webp 225w, https:\/\/kuenstlerhausgoetz.de\/wp-content\/uploads\/2024\/03\/Aussichtsturm_Goetzer_Berg_Brandenburg_3-1152x1536.webp 1152w, https:\/\/kuenstlerhausgoetz.de\/wp-content\/uploads\/2024\/03\/Aussichtsturm_Goetzer_Berg_Brandenburg_3.webp 1440w, https:\/\/kuenstlerhausgoetz.de\/wp-content\/uploads\/2024\/03\/Aussichtsturm_Goetzer_Berg_Brandenburg_3-9x12.webp 9w\" sizes=\"(max-width: 768px) 100vw, 768px\" \/>\t\t\t\t\t\t\t\t\t\t\t<figcaption class=\"widget-image-caption wp-caption-text\">G\u00f6tzer observation tower, Pemba.mpimaji, CC BY-SA 3.0, via Wikimedia Commons<\/figcaption>\n\t\t\t\t\t\t\t\t\t\t<\/figure>\n\t\t\t\t\t\t\t\t\t<\/div>\n\t\t\t\t<\/div>\n\t\t\t\t\t<\/div>\n\t\t\t\t<\/div>\n\t\t\t\t<\/div>","protected":false},"excerpt":{"rendered":"<p>Gro\u00df Kreutz, Ortsteil G\u00f6tz, ist ein kleines, aber wachsendes Dorf mit weniger als 1.500 Einwohnern.G\u00f6tz wurde erstmals im Jahr 1193 urkundlich erw\u00e4hnt und blickt auf eine lange, bewegte Geschichte zur\u00fcck. Das Haus befindet sich direkt gegen\u00fcber der alten G\u00f6tz Kirche, die im Jahr 1250 aus Feldsteinen erbaut wurde. Die S\u00fcdwestseite des Grundst\u00fccks bietet regelm\u00e4\u00dfig sch\u00f6nen [&hellip;]<\/p>\n","protected":false},"author":1,"featured_media":0,"parent":0,"menu_order":0,"comment_status":"closed","ping_status":"closed","template":"","meta":{"footnotes":""},"class_list":["post-15","page","type-page","status-publish","hentry"],"yoast_head":"<!-- This site is optimized with the Yoast SEO plugin v27.4 - https:\/\/yoast.com\/product\/yoast-seo-wordpress\/ -->\n<title>Standort - K\u00fcnstlerhaus G\u00f6tz<\/title>\n<meta name=\"robots\" content=\"index, follow, max-snippet:-1, max-image-preview:large, max-video-preview:-1\" \/>\n<link rel=\"canonical\" href=\"https:\/\/kuenstlerhausgoetz.de\/en\/standort\/\" \/>\n<meta property=\"og:locale\" content=\"en_US\" \/>\n<meta property=\"og:type\" content=\"article\" \/>\n<meta property=\"og:title\" content=\"Standort - K\u00fcnstlerhaus G\u00f6tz\" \/>\n<meta property=\"og:description\" content=\"Gro\u00df Kreutz, Ortsteil G\u00f6tz, ist ein kleines, aber wachsendes Dorf mit weniger als 1.500 Einwohnern.G\u00f6tz wurde erstmals im Jahr 1193 urkundlich erw\u00e4hnt und blickt auf eine lange, bewegte Geschichte zur\u00fcck. Das Haus befindet sich direkt gegen\u00fcber der alten G\u00f6tz Kirche, die im Jahr 1250 aus Feldsteinen erbaut wurde. Die S\u00fcdwestseite des Grundst\u00fccks bietet regelm\u00e4\u00dfig sch\u00f6nen [&hellip;]\" \/>\n<meta property=\"og:url\" content=\"https:\/\/kuenstlerhausgoetz.de\/en\/standort\/\" \/>\n<meta property=\"og:site_name\" content=\"K\u00fcnstlerhaus G\u00f6tz\" \/>\n<meta property=\"article:modified_time\" content=\"2024-11-01T08:09:39+00:00\" \/>\n<meta property=\"og:image\" content=\"https:\/\/kuenstlerhausgoetz.de\/wp-content\/uploads\/2024\/03\/IMG_1117-1-scaled.webp\" \/>\n\t<meta property=\"og:image:width\" content=\"1920\" \/>\n\t<meta property=\"og:image:height\" content=\"646\" \/>\n\t<meta property=\"og:image:type\" content=\"image\/webp\" \/>\n<meta name=\"twitter:card\" content=\"summary_large_image\" \/>\n<meta name=\"twitter:label1\" content=\"Est. reading time\" \/>\n\t<meta name=\"twitter:data1\" content=\"2 minutes\" \/>\n<script type=\"application\/ld+json\" class=\"yoast-schema-graph\">{\"@context\":\"https:\\\/\\\/schema.org\",\"@graph\":[{\"@type\":\"WebPage\",\"@id\":\"https:\\\/\\\/kuenstlerhausgoetz.de\\\/standort\",\"url\":\"https:\\\/\\\/kuenstlerhausgoetz.de\\\/standort\",\"name\":\"Standort - K\u00fcnstlerhaus G\u00f6tz\",\"isPartOf\":{\"@id\":\"https:\\\/\\\/kuenstlerhausgoetz.de\\\/#website\"},\"primaryImageOfPage\":{\"@id\":\"https:\\\/\\\/kuenstlerhausgoetz.de\\\/standort#primaryimage\"},\"image\":{\"@id\":\"https:\\\/\\\/kuenstlerhausgoetz.de\\\/standort#primaryimage\"},\"thumbnailUrl\":\"https:\\\/\\\/kuenstlerhausgoetz.de\\\/wp-content\\\/uploads\\\/2024\\\/03\\\/IMG_1117-1-1024x344.webp\",\"datePublished\":\"2024-03-20T08:12:54+00:00\",\"dateModified\":\"2024-11-01T08:09:39+00:00\",\"breadcrumb\":{\"@id\":\"https:\\\/\\\/kuenstlerhausgoetz.de\\\/standort#breadcrumb\"},\"inLanguage\":\"en-US\",\"potentialAction\":[{\"@type\":\"ReadAction\",\"target\":[\"https:\\\/\\\/kuenstlerhausgoetz.de\\\/standort\"]}]},{\"@type\":\"ImageObject\",\"inLanguage\":\"en-US\",\"@id\":\"https:\\\/\\\/kuenstlerhausgoetz.de\\\/standort#primaryimage\",\"url\":\"https:\\\/\\\/kuenstlerhausgoetz.de\\\/wp-content\\\/uploads\\\/2024\\\/03\\\/IMG_1117-1-1024x344.webp\",\"contentUrl\":\"https:\\\/\\\/kuenstlerhausgoetz.de\\\/wp-content\\\/uploads\\\/2024\\\/03\\\/IMG_1117-1-1024x344.webp\"},{\"@type\":\"BreadcrumbList\",\"@id\":\"https:\\\/\\\/kuenstlerhausgoetz.de\\\/standort#breadcrumb\",\"itemListElement\":[{\"@type\":\"ListItem\",\"position\":1,\"name\":\"Startseite\",\"item\":\"https:\\\/\\\/kuenstlerhausgoetz.de\\\/\"},{\"@type\":\"ListItem\",\"position\":2,\"name\":\"Standort\"}]},{\"@type\":\"WebSite\",\"@id\":\"https:\\\/\\\/kuenstlerhausgoetz.de\\\/#website\",\"url\":\"https:\\\/\\\/kuenstlerhausgoetz.de\\\/\",\"name\":\"K\u00fcnstlerhaus G\u00f6tz\",\"description\":\"Artist Residency in Potsdam-Mittelmark\",\"publisher\":{\"@id\":\"https:\\\/\\\/kuenstlerhausgoetz.de\\\/#organization\"},\"potentialAction\":[{\"@type\":\"SearchAction\",\"target\":{\"@type\":\"EntryPoint\",\"urlTemplate\":\"https:\\\/\\\/kuenstlerhausgoetz.de\\\/?s={search_term_string}\"},\"query-input\":{\"@type\":\"PropertyValueSpecification\",\"valueRequired\":true,\"valueName\":\"search_term_string\"}}],\"inLanguage\":\"en-US\"},{\"@type\":\"Organization\",\"@id\":\"https:\\\/\\\/kuenstlerhausgoetz.de\\\/#organization\",\"name\":\"K\u00fcnstlerhaus G\u00f6tz\",\"url\":\"https:\\\/\\\/kuenstlerhausgoetz.de\\\/\",\"logo\":{\"@type\":\"ImageObject\",\"inLanguage\":\"en-US\",\"@id\":\"https:\\\/\\\/kuenstlerhausgoetz.de\\\/#\\\/schema\\\/logo\\\/image\\\/\",\"url\":\"https:\\\/\\\/kuenstlerhausgoetz.de\\\/wp-content\\\/uploads\\\/2024\\\/03\\\/kG.webp\",\"contentUrl\":\"https:\\\/\\\/kuenstlerhausgoetz.de\\\/wp-content\\\/uploads\\\/2024\\\/03\\\/kG.webp\",\"width\":500,\"height\":500,\"caption\":\"K\u00fcnstlerhaus G\u00f6tz\"},\"image\":{\"@id\":\"https:\\\/\\\/kuenstlerhausgoetz.de\\\/#\\\/schema\\\/logo\\\/image\\\/\"}}]}<\/script>\n<!-- \/ Yoast SEO plugin. -->","yoast_head_json":{"title":"Standort - K\u00fcnstlerhaus G\u00f6tz","robots":{"index":"index","follow":"follow","max-snippet":"max-snippet:-1","max-image-preview":"max-image-preview:large","max-video-preview":"max-video-preview:-1"},"canonical":"https:\/\/kuenstlerhausgoetz.de\/en\/standort\/","og_locale":"en_US","og_type":"article","og_title":"Standort - K\u00fcnstlerhaus G\u00f6tz","og_description":"Gro\u00df Kreutz, Ortsteil G\u00f6tz, ist ein kleines, aber wachsendes Dorf mit weniger als 1.500 Einwohnern.G\u00f6tz wurde erstmals im Jahr 1193 urkundlich erw\u00e4hnt und blickt auf eine lange, bewegte Geschichte zur\u00fcck. Das Haus befindet sich direkt gegen\u00fcber der alten G\u00f6tz Kirche, die im Jahr 1250 aus Feldsteinen erbaut wurde. Die S\u00fcdwestseite des Grundst\u00fccks bietet regelm\u00e4\u00dfig sch\u00f6nen [&hellip;]","og_url":"https:\/\/kuenstlerhausgoetz.de\/en\/standort\/","og_site_name":"K\u00fcnstlerhaus G\u00f6tz","article_modified_time":"2024-11-01T08:09:39+00:00","og_image":[{"width":1920,"height":646,"url":"https:\/\/kuenstlerhausgoetz.de\/wp-content\/uploads\/2024\/03\/IMG_1117-1-scaled.webp","type":"image\/webp"}],"twitter_card":"summary_large_image","twitter_misc":{"Est. reading time":"2 minutes"},"schema":{"@context":"https:\/\/schema.org","@graph":[{"@type":"WebPage","@id":"https:\/\/kuenstlerhausgoetz.de\/standort","url":"https:\/\/kuenstlerhausgoetz.de\/standort","name":"Standort - K\u00fcnstlerhaus G\u00f6tz","isPartOf":{"@id":"https:\/\/kuenstlerhausgoetz.de\/#website"},"primaryImageOfPage":{"@id":"https:\/\/kuenstlerhausgoetz.de\/standort#primaryimage"},"image":{"@id":"https:\/\/kuenstlerhausgoetz.de\/standort#primaryimage"},"thumbnailUrl":"https:\/\/kuenstlerhausgoetz.de\/wp-content\/uploads\/2024\/03\/IMG_1117-1-1024x344.webp","datePublished":"2024-03-20T08:12:54+00:00","dateModified":"2024-11-01T08:09:39+00:00","breadcrumb":{"@id":"https:\/\/kuenstlerhausgoetz.de\/standort#breadcrumb"},"inLanguage":"en-US","potentialAction":[{"@type":"ReadAction","target":["https:\/\/kuenstlerhausgoetz.de\/standort"]}]},{"@type":"ImageObject","inLanguage":"en-US","@id":"https:\/\/kuenstlerhausgoetz.de\/standort#primaryimage","url":"https:\/\/kuenstlerhausgoetz.de\/wp-content\/uploads\/2024\/03\/IMG_1117-1-1024x344.webp","contentUrl":"https:\/\/kuenstlerhausgoetz.de\/wp-content\/uploads\/2024\/03\/IMG_1117-1-1024x344.webp"},{"@type":"BreadcrumbList","@id":"https:\/\/kuenstlerhausgoetz.de\/standort#breadcrumb","itemListElement":[{"@type":"ListItem","position":1,"name":"Startseite","item":"https:\/\/kuenstlerhausgoetz.de\/"},{"@type":"ListItem","position":2,"name":"Standort"}]},{"@type":"WebSite","@id":"https:\/\/kuenstlerhausgoetz.de\/#website","url":"https:\/\/kuenstlerhausgoetz.de\/","name":"G\u00f6tz Artists&#039; House","description":"Artist Residency in Potsdam-Mittelmark","publisher":{"@id":"https:\/\/kuenstlerhausgoetz.de\/#organization"},"potentialAction":[{"@type":"SearchAction","target":{"@type":"EntryPoint","urlTemplate":"https:\/\/kuenstlerhausgoetz.de\/?s={search_term_string}"},"query-input":{"@type":"PropertyValueSpecification","valueRequired":true,"valueName":"search_term_string"}}],"inLanguage":"en-US"},{"@type":"Organization","@id":"https:\/\/kuenstlerhausgoetz.de\/#organization","name":"G\u00f6tz Artists&#039; House","url":"https:\/\/kuenstlerhausgoetz.de\/","logo":{"@type":"ImageObject","inLanguage":"en-US","@id":"https:\/\/kuenstlerhausgoetz.de\/#\/schema\/logo\/image\/","url":"https:\/\/kuenstlerhausgoetz.de\/wp-content\/uploads\/2024\/03\/kG.webp","contentUrl":"https:\/\/kuenstlerhausgoetz.de\/wp-content\/uploads\/2024\/03\/kG.webp","width":500,"height":500,"caption":"K\u00fcnstlerhaus G\u00f6tz"},"image":{"@id":"https:\/\/kuenstlerhausgoetz.de\/#\/schema\/logo\/image\/"}}]}},"_links":{"self":[{"href":"https:\/\/kuenstlerhausgoetz.de\/en\/wp-json\/wp\/v2\/pages\/15","targetHints":{"allow":["GET"]}}],"collection":[{"href":"https:\/\/kuenstlerhausgoetz.de\/en\/wp-json\/wp\/v2\/pages"}],"about":[{"href":"https:\/\/kuenstlerhausgoetz.de\/en\/wp-json\/wp\/v2\/types\/page"}],"author":[{"embeddable":true,"href":"https:\/\/kuenstlerhausgoetz.de\/en\/wp-json\/wp\/v2\/users\/1"}],"replies":[{"embeddable":true,"href":"https:\/\/kuenstlerhausgoetz.de\/en\/wp-json\/wp\/v2\/comments?post=15"}],"version-history":[{"count":83,"href":"https:\/\/kuenstlerhausgoetz.de\/en\/wp-json\/wp\/v2\/pages\/15\/revisions"}],"predecessor-version":[{"id":1113,"href":"https:\/\/kuenstlerhausgoetz.de\/en\/wp-json\/wp\/v2\/pages\/15\/revisions\/1113"}],"wp:attachment":[{"href":"https:\/\/kuenstlerhausgoetz.de\/en\/wp-json\/wp\/v2\/media?parent=15"}],"curies":[{"name":"wp","href":"https:\/\/api.w.org\/{rel}","templated":true}]}}