{"id":313,"date":"2024-03-21T14:47:19","date_gmt":"2024-03-21T13:47:19","guid":{"rendered":"https:\/\/kuenstlerhausgoetz.de\/?page_id=313"},"modified":"2024-03-26T10:21:07","modified_gmt":"2024-03-26T09:21:07","slug":"skulpturengarten","status":"publish","type":"page","link":"https:\/\/kuenstlerhausgoetz.de\/en\/skulpturengarten","title":{"rendered":"Sculpture garden"},"content":{"rendered":"<div data-elementor-type=\"wp-page\" data-elementor-id=\"313\" class=\"elementor elementor-313\">\n\t\t\t\t<div class=\"elementor-element elementor-element-12f100d7 e-flex e-con-boxed e-con e-parent\" data-id=\"12f100d7\" data-element_type=\"container\" data-e-type=\"container\">\n\t\t\t\t\t<div class=\"e-con-inner\">\n\t\t\t\t<div class=\"elementor-element elementor-element-4310b404 elementor-widget elementor-widget-text-editor\" data-id=\"4310b404\" data-element_type=\"widget\" data-e-type=\"widget\" data-widget_type=\"text-editor.default\">\n\t\t\t\t<div class=\"elementor-widget-container\">\n\t\t\t\t\t\t\t\t\t\n<p align=\"LEFT\"><span style=\"font-size: medium;\">The property area of approximately 4,000 square meters offers a relaxing place where those interested can move freely and be inspired by the natural beauty. The lively activities of the goats and chickens invite you to observe them and offer an entertaining change. The garden also has an 8-meter-long unheated swimming pool and a sauna with a view of the G\u00f6tzer nature conservation moor. Further garden sculptures and installation projects that contribute to the diversity and vibrancy of our landscape are welcome.<\/span><\/p>\n\t\t\t\t\t\t\t\t<\/div>\n\t\t\t\t<\/div>\n\t\t\t\t\t<\/div>\n\t\t\t\t<\/div>\n\t\t<div class=\"elementor-element elementor-element-b44a50a e-flex e-con-boxed e-con e-parent\" data-id=\"b44a50a\" data-element_type=\"container\" data-e-type=\"container\">\n\t\t\t\t\t<div class=\"e-con-inner\">\n\t\t\t\t<div class=\"elementor-element elementor-element-313109b elementor-widget elementor-widget-image\" data-id=\"313109b\" data-element_type=\"widget\" data-e-type=\"widget\" data-widget_type=\"image.default\">\n\t\t\t\t<div class=\"elementor-widget-container\">\n\t\t\t\t\t\t\t\t\t\t\t\t\t\t\t<img fetchpriority=\"high\" decoding=\"async\" width=\"1024\" height=\"768\" src=\"https:\/\/kuenstlerhausgoetz.de\/wp-content\/uploads\/2024\/03\/sculpture-1024x768.webp\" class=\"attachment-large size-large wp-image-146\" alt=\"skulpturengarten kuenstlerhaus goetz\" srcset=\"https:\/\/kuenstlerhausgoetz.de\/wp-content\/uploads\/2024\/03\/sculpture-1024x768.webp 1024w, https:\/\/kuenstlerhausgoetz.de\/wp-content\/uploads\/2024\/03\/sculpture-300x225.webp 300w, https:\/\/kuenstlerhausgoetz.de\/wp-content\/uploads\/2024\/03\/sculpture-768x576.webp 768w, https:\/\/kuenstlerhausgoetz.de\/wp-content\/uploads\/2024\/03\/sculpture-1536x1152.webp 1536w, https:\/\/kuenstlerhausgoetz.de\/wp-content\/uploads\/2024\/03\/sculpture-scaled.webp 1920w\" sizes=\"(max-width: 1024px) 100vw, 1024px\" \/>\t\t\t\t\t\t\t\t\t\t\t\t\t\t\t<\/div>\n\t\t\t\t<\/div>\n\t\t\t\t\t<\/div>\n\t\t\t\t<\/div>\n\t\t<div class=\"elementor-element elementor-element-27cb103 e-flex e-con-boxed e-con e-parent\" data-id=\"27cb103\" data-element_type=\"container\" data-e-type=\"container\">\n\t\t\t\t\t<div class=\"e-con-inner\">\n\t\t\t\t<div class=\"elementor-element elementor-element-9a68d23 elementor-widget elementor-widget-image\" data-id=\"9a68d23\" data-element_type=\"widget\" data-e-type=\"widget\" data-widget_type=\"image.default\">\n\t\t\t\t<div class=\"elementor-widget-container\">\n\t\t\t\t\t\t\t\t\t\t\t\t\t\t\t<img decoding=\"async\" width=\"1024\" height=\"554\" src=\"https:\/\/kuenstlerhausgoetz.de\/wp-content\/uploads\/2024\/03\/Screenshot-2024-03-25-213330-1024x554.png\" class=\"attachment-large size-large wp-image-653\" alt=\"\" srcset=\"https:\/\/kuenstlerhausgoetz.de\/wp-content\/uploads\/2024\/03\/Screenshot-2024-03-25-213330-1024x554.png 1024w, https:\/\/kuenstlerhausgoetz.de\/wp-content\/uploads\/2024\/03\/Screenshot-2024-03-25-213330-300x162.webp 300w, https:\/\/kuenstlerhausgoetz.de\/wp-content\/uploads\/2024\/03\/Screenshot-2024-03-25-213330-768x416.png 768w, https:\/\/kuenstlerhausgoetz.de\/wp-content\/uploads\/2024\/03\/Screenshot-2024-03-25-213330.webp 1114w\" sizes=\"(max-width: 1024px) 100vw, 1024px\" \/>\t\t\t\t\t\t\t\t\t\t\t\t\t\t\t<\/div>\n\t\t\t\t<\/div>\n\t\t\t\t\t<\/div>\n\t\t\t\t<\/div>\n\t\t\t\t<\/div>","protected":false},"excerpt":{"rendered":"<p>Die Grundst\u00fccksfl\u00e4che von ca. 4.000 Quadratmetern bietet einen entspannenden Ort, an dem sich Interessierte frei bewegen und von der nat\u00fcrlichen Sch\u00f6nheit inspirieren lassen k\u00f6nnen. Die lebhaften Aktivit\u00e4ten der Ziegen und H\u00fchner laden zum Beobachten ein und bieten eine unterhaltsame Abwechslung. Zus\u00e4tzlich verf\u00fcgt der Garten \u00fcber einen 8 Meter langen unbeheizten Swimmingpool und eine Sauna mit [&hellip;]<\/p>\n","protected":false},"author":1,"featured_media":0,"parent":0,"menu_order":0,"comment_status":"closed","ping_status":"closed","template":"","meta":{"footnotes":""},"class_list":["post-313","page","type-page","status-publish","hentry"],"yoast_head":"<!-- This site is optimized with the Yoast SEO plugin v27.4 - https:\/\/yoast.com\/product\/yoast-seo-wordpress\/ -->\n<title>Skulpturengarten - K\u00fcnstlerhaus G\u00f6tz<\/title>\n<meta name=\"robots\" content=\"index, follow, max-snippet:-1, max-image-preview:large, max-video-preview:-1\" \/>\n<link rel=\"canonical\" href=\"https:\/\/kuenstlerhausgoetz.de\/en\/skulpturengarten\/\" \/>\n<meta property=\"og:locale\" content=\"en_US\" \/>\n<meta property=\"og:type\" content=\"article\" \/>\n<meta property=\"og:title\" content=\"Skulpturengarten - K\u00fcnstlerhaus G\u00f6tz\" \/>\n<meta property=\"og:description\" content=\"Die Grundst\u00fccksfl\u00e4che von ca. 4.000 Quadratmetern bietet einen entspannenden Ort, an dem sich Interessierte frei bewegen und von der nat\u00fcrlichen Sch\u00f6nheit inspirieren lassen k\u00f6nnen. Die lebhaften Aktivit\u00e4ten der Ziegen und H\u00fchner laden zum Beobachten ein und bieten eine unterhaltsame Abwechslung. Zus\u00e4tzlich verf\u00fcgt der Garten \u00fcber einen 8 Meter langen unbeheizten Swimmingpool und eine Sauna mit [&hellip;]\" \/>\n<meta property=\"og:url\" content=\"https:\/\/kuenstlerhausgoetz.de\/en\/skulpturengarten\/\" \/>\n<meta property=\"og:site_name\" content=\"K\u00fcnstlerhaus G\u00f6tz\" \/>\n<meta property=\"article:modified_time\" content=\"2024-03-26T09:21:07+00:00\" \/>\n<meta property=\"og:image\" content=\"https:\/\/kuenstlerhausgoetz.de\/wp-content\/uploads\/2024\/03\/sculpture-1024x768.webp\" \/>\n<meta name=\"twitter:card\" content=\"summary_large_image\" \/>\n<meta name=\"twitter:label1\" content=\"Est. reading time\" \/>\n\t<meta name=\"twitter:data1\" content=\"1 minute\" \/>\n<script type=\"application\/ld+json\" class=\"yoast-schema-graph\">{\"@context\":\"https:\\\/\\\/schema.org\",\"@graph\":[{\"@type\":\"WebPage\",\"@id\":\"https:\\\/\\\/kuenstlerhausgoetz.de\\\/skulpturengarten\",\"url\":\"https:\\\/\\\/kuenstlerhausgoetz.de\\\/skulpturengarten\",\"name\":\"Skulpturengarten - K\u00fcnstlerhaus G\u00f6tz\",\"isPartOf\":{\"@id\":\"https:\\\/\\\/kuenstlerhausgoetz.de\\\/#website\"},\"primaryImageOfPage\":{\"@id\":\"https:\\\/\\\/kuenstlerhausgoetz.de\\\/skulpturengarten#primaryimage\"},\"image\":{\"@id\":\"https:\\\/\\\/kuenstlerhausgoetz.de\\\/skulpturengarten#primaryimage\"},\"thumbnailUrl\":\"https:\\\/\\\/kuenstlerhausgoetz.de\\\/wp-content\\\/uploads\\\/2024\\\/03\\\/sculpture-1024x768.webp\",\"datePublished\":\"2024-03-21T13:47:19+00:00\",\"dateModified\":\"2024-03-26T09:21:07+00:00\",\"breadcrumb\":{\"@id\":\"https:\\\/\\\/kuenstlerhausgoetz.de\\\/skulpturengarten#breadcrumb\"},\"inLanguage\":\"en-US\",\"potentialAction\":[{\"@type\":\"ReadAction\",\"target\":[\"https:\\\/\\\/kuenstlerhausgoetz.de\\\/skulpturengarten\"]}]},{\"@type\":\"ImageObject\",\"inLanguage\":\"en-US\",\"@id\":\"https:\\\/\\\/kuenstlerhausgoetz.de\\\/skulpturengarten#primaryimage\",\"url\":\"https:\\\/\\\/kuenstlerhausgoetz.de\\\/wp-content\\\/uploads\\\/2024\\\/03\\\/sculpture-1024x768.webp\",\"contentUrl\":\"https:\\\/\\\/kuenstlerhausgoetz.de\\\/wp-content\\\/uploads\\\/2024\\\/03\\\/sculpture-1024x768.webp\"},{\"@type\":\"BreadcrumbList\",\"@id\":\"https:\\\/\\\/kuenstlerhausgoetz.de\\\/skulpturengarten#breadcrumb\",\"itemListElement\":[{\"@type\":\"ListItem\",\"position\":1,\"name\":\"Startseite\",\"item\":\"https:\\\/\\\/kuenstlerhausgoetz.de\\\/\"},{\"@type\":\"ListItem\",\"position\":2,\"name\":\"Skulpturengarten\"}]},{\"@type\":\"WebSite\",\"@id\":\"https:\\\/\\\/kuenstlerhausgoetz.de\\\/#website\",\"url\":\"https:\\\/\\\/kuenstlerhausgoetz.de\\\/\",\"name\":\"K\u00fcnstlerhaus G\u00f6tz\",\"description\":\"Artist Residency in Potsdam-Mittelmark\",\"publisher\":{\"@id\":\"https:\\\/\\\/kuenstlerhausgoetz.de\\\/#organization\"},\"potentialAction\":[{\"@type\":\"SearchAction\",\"target\":{\"@type\":\"EntryPoint\",\"urlTemplate\":\"https:\\\/\\\/kuenstlerhausgoetz.de\\\/?s={search_term_string}\"},\"query-input\":{\"@type\":\"PropertyValueSpecification\",\"valueRequired\":true,\"valueName\":\"search_term_string\"}}],\"inLanguage\":\"en-US\"},{\"@type\":\"Organization\",\"@id\":\"https:\\\/\\\/kuenstlerhausgoetz.de\\\/#organization\",\"name\":\"K\u00fcnstlerhaus G\u00f6tz\",\"url\":\"https:\\\/\\\/kuenstlerhausgoetz.de\\\/\",\"logo\":{\"@type\":\"ImageObject\",\"inLanguage\":\"en-US\",\"@id\":\"https:\\\/\\\/kuenstlerhausgoetz.de\\\/#\\\/schema\\\/logo\\\/image\\\/\",\"url\":\"https:\\\/\\\/kuenstlerhausgoetz.de\\\/wp-content\\\/uploads\\\/2024\\\/03\\\/kG.webp\",\"contentUrl\":\"https:\\\/\\\/kuenstlerhausgoetz.de\\\/wp-content\\\/uploads\\\/2024\\\/03\\\/kG.webp\",\"width\":500,\"height\":500,\"caption\":\"K\u00fcnstlerhaus G\u00f6tz\"},\"image\":{\"@id\":\"https:\\\/\\\/kuenstlerhausgoetz.de\\\/#\\\/schema\\\/logo\\\/image\\\/\"}}]}<\/script>\n<!-- \/ Yoast SEO plugin. -->","yoast_head_json":{"title":"Skulpturengarten - K\u00fcnstlerhaus G\u00f6tz","robots":{"index":"index","follow":"follow","max-snippet":"max-snippet:-1","max-image-preview":"max-image-preview:large","max-video-preview":"max-video-preview:-1"},"canonical":"https:\/\/kuenstlerhausgoetz.de\/en\/skulpturengarten\/","og_locale":"en_US","og_type":"article","og_title":"Skulpturengarten - K\u00fcnstlerhaus G\u00f6tz","og_description":"Die Grundst\u00fccksfl\u00e4che von ca. 4.000 Quadratmetern bietet einen entspannenden Ort, an dem sich Interessierte frei bewegen und von der nat\u00fcrlichen Sch\u00f6nheit inspirieren lassen k\u00f6nnen. Die lebhaften Aktivit\u00e4ten der Ziegen und H\u00fchner laden zum Beobachten ein und bieten eine unterhaltsame Abwechslung. Zus\u00e4tzlich verf\u00fcgt der Garten \u00fcber einen 8 Meter langen unbeheizten Swimmingpool und eine Sauna mit [&hellip;]","og_url":"https:\/\/kuenstlerhausgoetz.de\/en\/skulpturengarten\/","og_site_name":"K\u00fcnstlerhaus G\u00f6tz","article_modified_time":"2024-03-26T09:21:07+00:00","og_image":[{"url":"https:\/\/kuenstlerhausgoetz.de\/wp-content\/uploads\/2024\/03\/sculpture-1024x768.webp","type":"","width":"","height":""}],"twitter_card":"summary_large_image","twitter_misc":{"Est. reading time":"1 minute"},"schema":{"@context":"https:\/\/schema.org","@graph":[{"@type":"WebPage","@id":"https:\/\/kuenstlerhausgoetz.de\/skulpturengarten","url":"https:\/\/kuenstlerhausgoetz.de\/skulpturengarten","name":"Skulpturengarten - K\u00fcnstlerhaus G\u00f6tz","isPartOf":{"@id":"https:\/\/kuenstlerhausgoetz.de\/#website"},"primaryImageOfPage":{"@id":"https:\/\/kuenstlerhausgoetz.de\/skulpturengarten#primaryimage"},"image":{"@id":"https:\/\/kuenstlerhausgoetz.de\/skulpturengarten#primaryimage"},"thumbnailUrl":"https:\/\/kuenstlerhausgoetz.de\/wp-content\/uploads\/2024\/03\/sculpture-1024x768.webp","datePublished":"2024-03-21T13:47:19+00:00","dateModified":"2024-03-26T09:21:07+00:00","breadcrumb":{"@id":"https:\/\/kuenstlerhausgoetz.de\/skulpturengarten#breadcrumb"},"inLanguage":"en-US","potentialAction":[{"@type":"ReadAction","target":["https:\/\/kuenstlerhausgoetz.de\/skulpturengarten"]}]},{"@type":"ImageObject","inLanguage":"en-US","@id":"https:\/\/kuenstlerhausgoetz.de\/skulpturengarten#primaryimage","url":"https:\/\/kuenstlerhausgoetz.de\/wp-content\/uploads\/2024\/03\/sculpture-1024x768.webp","contentUrl":"https:\/\/kuenstlerhausgoetz.de\/wp-content\/uploads\/2024\/03\/sculpture-1024x768.webp"},{"@type":"BreadcrumbList","@id":"https:\/\/kuenstlerhausgoetz.de\/skulpturengarten#breadcrumb","itemListElement":[{"@type":"ListItem","position":1,"name":"Startseite","item":"https:\/\/kuenstlerhausgoetz.de\/"},{"@type":"ListItem","position":2,"name":"Skulpturengarten"}]},{"@type":"WebSite","@id":"https:\/\/kuenstlerhausgoetz.de\/#website","url":"https:\/\/kuenstlerhausgoetz.de\/","name":"G\u00f6tz Artists&#039; House","description":"Artist Residency in Potsdam-Mittelmark","publisher":{"@id":"https:\/\/kuenstlerhausgoetz.de\/#organization"},"potentialAction":[{"@type":"SearchAction","target":{"@type":"EntryPoint","urlTemplate":"https:\/\/kuenstlerhausgoetz.de\/?s={search_term_string}"},"query-input":{"@type":"PropertyValueSpecification","valueRequired":true,"valueName":"search_term_string"}}],"inLanguage":"en-US"},{"@type":"Organization","@id":"https:\/\/kuenstlerhausgoetz.de\/#organization","name":"G\u00f6tz Artists&#039; House","url":"https:\/\/kuenstlerhausgoetz.de\/","logo":{"@type":"ImageObject","inLanguage":"en-US","@id":"https:\/\/kuenstlerhausgoetz.de\/#\/schema\/logo\/image\/","url":"https:\/\/kuenstlerhausgoetz.de\/wp-content\/uploads\/2024\/03\/kG.webp","contentUrl":"https:\/\/kuenstlerhausgoetz.de\/wp-content\/uploads\/2024\/03\/kG.webp","width":500,"height":500,"caption":"K\u00fcnstlerhaus G\u00f6tz"},"image":{"@id":"https:\/\/kuenstlerhausgoetz.de\/#\/schema\/logo\/image\/"}}]}},"_links":{"self":[{"href":"https:\/\/kuenstlerhausgoetz.de\/en\/wp-json\/wp\/v2\/pages\/313","targetHints":{"allow":["GET"]}}],"collection":[{"href":"https:\/\/kuenstlerhausgoetz.de\/en\/wp-json\/wp\/v2\/pages"}],"about":[{"href":"https:\/\/kuenstlerhausgoetz.de\/en\/wp-json\/wp\/v2\/types\/page"}],"author":[{"embeddable":true,"href":"https:\/\/kuenstlerhausgoetz.de\/en\/wp-json\/wp\/v2\/users\/1"}],"replies":[{"embeddable":true,"href":"https:\/\/kuenstlerhausgoetz.de\/en\/wp-json\/wp\/v2\/comments?post=313"}],"version-history":[{"count":19,"href":"https:\/\/kuenstlerhausgoetz.de\/en\/wp-json\/wp\/v2\/pages\/313\/revisions"}],"predecessor-version":[{"id":713,"href":"https:\/\/kuenstlerhausgoetz.de\/en\/wp-json\/wp\/v2\/pages\/313\/revisions\/713"}],"wp:attachment":[{"href":"https:\/\/kuenstlerhausgoetz.de\/en\/wp-json\/wp\/v2\/media?parent=313"}],"curies":[{"name":"wp","href":"https:\/\/api.w.org\/{rel}","templated":true}]}}