{"id":496,"date":"2024-03-25T13:28:03","date_gmt":"2024-03-25T12:28:03","guid":{"rendered":"https:\/\/kuenstlerhausgoetz.de\/?page_id=496"},"modified":"2024-12-07T07:35:51","modified_gmt":"2024-12-07T06:35:51","slug":"kuenstlerhaus_goetz","status":"publish","type":"page","link":"https:\/\/kuenstlerhausgoetz.de\/en\/","title":{"rendered":"G\u00f6tz Artists&#039; House"},"content":{"rendered":"\t\t<div data-elementor-type=\"wp-page\" data-elementor-id=\"496\" class=\"elementor elementor-496\">\n\t\t\t\t<div class=\"elementor-element elementor-element-42dee86 e-flex e-con-boxed e-con e-parent\" data-id=\"42dee86\" data-element_type=\"container\" data-e-type=\"container\">\n\t\t\t\t\t<div class=\"e-con-inner\">\n\t\t\t\t<div class=\"elementor-element elementor-element-3bb6c45 elementor-widget elementor-widget-image\" data-id=\"3bb6c45\" data-element_type=\"widget\" data-e-type=\"widget\" data-widget_type=\"image.default\">\n\t\t\t\t<div class=\"elementor-widget-container\">\n\t\t\t\t\t\t\t\t\t\t\t\t\t\t\t<img fetchpriority=\"high\" decoding=\"async\" width=\"1024\" height=\"546\" src=\"https:\/\/kuenstlerhausgoetz.de\/wp-content\/uploads\/2024\/03\/house-1024x546.webp\" class=\"attachment-large size-large wp-image-97\" alt=\"kuenstlerhaus Goetz\" srcset=\"https:\/\/kuenstlerhausgoetz.de\/wp-content\/uploads\/2024\/03\/house-1024x546.webp 1024w, https:\/\/kuenstlerhausgoetz.de\/wp-content\/uploads\/2024\/03\/house-300x160.webp 300w, https:\/\/kuenstlerhausgoetz.de\/wp-content\/uploads\/2024\/03\/house-768x410.webp 768w, https:\/\/kuenstlerhausgoetz.de\/wp-content\/uploads\/2024\/03\/house-1536x820.webp 1536w, https:\/\/kuenstlerhausgoetz.de\/wp-content\/uploads\/2024\/03\/house-scaled.webp 1920w\" sizes=\"(max-width: 1024px) 100vw, 1024px\" \/>\t\t\t\t\t\t\t\t\t\t\t\t\t\t\t<\/div>\n\t\t\t\t<\/div>\n\t\t\t\t\t<\/div>\n\t\t\t\t<\/div>\n\t\t<div class=\"elementor-element elementor-element-27e70a2e e-flex e-con-boxed e-con e-parent\" data-id=\"27e70a2e\" data-element_type=\"container\" data-e-type=\"container\">\n\t\t\t\t\t<div class=\"e-con-inner\">\n\t\t\t\t<div class=\"elementor-element elementor-element-602d14a6 elementor-widget elementor-widget-text-editor\" data-id=\"602d14a6\" data-element_type=\"widget\" data-e-type=\"widget\" data-widget_type=\"text-editor.default\">\n\t\t\t\t<div class=\"elementor-widget-container\">\n\t\t\t\t\t\t\t\t\t<p><strong>Das Haus<\/strong><\/p>\n<p>Gegr\u00fcndet im Jahr 2019, konzentriert sich das K\u00fcnstlerhaus auf kreative Aktivit\u00e4ten in Verbindung mit Natur, Technologie und interkulturellem Austausch. Das K\u00fcnstlerhaus strebt danach, ein gemeinschaftlicher Ort zu sein, wo K\u00fcnstler kreativ gedeihen k\u00f6nnen, und gleichzeitig an nachhaltigen Lebenspraktiken teilnehmen. Kunst und Innovation dienen dabei der Erreichung messbarer Ziele, sowohl intellektuell f\u00fcr jeden Einzelnen als auch zwischenmenschlich und nach au\u00dfen gerichtet, durch Zusammenarbeit mit anderen Standorten.<\/p>\n<p>Eine vielf\u00e4ltige Integration von Natur ist ein wesentlicher Bestandteil des K\u00fcnstlerhauses. Neben dem Residenzprogramm beherbergt es eine lebendige Gemeinschaft von Tieren und Pflanzen. Auf dem Gel\u00e4nde des K\u00fcnstlerhauses leben Ziegen und H\u00fchner, w\u00e4hrend ein Gem\u00fcsegarten, Bienenst\u00f6cke und Obstb\u00e4ume eine reiche nat\u00fcrliche Umgebung schaffen. Diese Elemente tragen nicht nur zur Sch\u00f6nheit des Ortes bei, sondern bieten den Bewohnern auch die M\u00f6glichkeit, sich mit der Natur zu verbinden und <a href=\"https:\/\/kuenstlerhausgoetz.de\/selbstversorgung\"><span style=\"text-decoration: underline;\">nachhaltige Lebensweisen<\/span><\/a> zu praktizieren.<\/p>\n<div class=\"flex flex-grow flex-col max-w-full\">\n<div class=\"min-h-[20px] text-message flex flex-col items-start gap-3 whitespace-pre-wrap break-words [.text-message+&amp;]:mt-5 overflow-x-auto\" data-message-author-role=\"assistant\" data-message-id=\"9eec7b22-a16f-48d5-8ece-2edc15e76650\">\n<div class=\"markdown prose w-full break-words dark:prose-invert dark\">\n<p>Die Planung sieht vor, das Obergeschoss zu einem Kulturzentrum mit Caf\u00e9, Bibliothek, Ausstellungsfl\u00e4che sowie einer Konzert- und Theaterb\u00fchne auszubauen, um ein kreatives, interaktives Zentrum zu schaffen, das der Gemeinschaft offensteht und einen Raum f\u00fcr kulturelle Veranstaltungen, Workshops und den Austausch f\u00f6rdert. Dabei wird besonderer Wert auf eine umweltbewusste und nachhaltige Gestaltung gelegt, um einen positiven Beitrag zur Kultur- und Kreativszene zu leisten.<\/p>\n<img decoding=\"async\" src=\"https:\/\/vg05.met.vgwort.de\/na\/7f4e0131ed4d4c7db8715629884804dd\" alt=\"\" width=\"1\" height=\"1\" \/><\/div>\n<\/div>\n<\/div>\n\t\t\t\t\t\t\t\t<\/div>\n\t\t\t\t<\/div>\n\t\t\t\t\t<\/div>\n\t\t\t\t<\/div>\n\t\t<div class=\"elementor-element elementor-element-b7118d4 e-flex e-con-boxed e-con e-parent\" data-id=\"b7118d4\" data-element_type=\"container\" data-e-type=\"container\">\n\t\t\t\t\t<div class=\"e-con-inner\">\n\t\t\t\t<div class=\"elementor-element elementor-element-a394e05 elementor-widget elementor-widget-image\" data-id=\"a394e05\" data-element_type=\"widget\" data-e-type=\"widget\" data-widget_type=\"image.default\">\n\t\t\t\t<div class=\"elementor-widget-container\">\n\t\t\t\t\t\t\t\t\t\t\t\t\t\t\t<img decoding=\"async\" width=\"1024\" height=\"316\" src=\"https:\/\/kuenstlerhausgoetz.de\/wp-content\/uploads\/2024\/11\/facade-1024x316.jpg\" class=\"attachment-large size-large wp-image-1145\" alt=\"\" srcset=\"https:\/\/kuenstlerhausgoetz.de\/wp-content\/uploads\/2024\/11\/facade-1024x316.jpg 1024w, https:\/\/kuenstlerhausgoetz.de\/wp-content\/uploads\/2024\/11\/facade-300x92.jpg 300w, https:\/\/kuenstlerhausgoetz.de\/wp-content\/uploads\/2024\/11\/facade-768x237.jpg 768w, https:\/\/kuenstlerhausgoetz.de\/wp-content\/uploads\/2024\/11\/facade-18x6.jpg 18w, https:\/\/kuenstlerhausgoetz.de\/wp-content\/uploads\/2024\/11\/facade.jpg 1139w\" sizes=\"(max-width: 1024px) 100vw, 1024px\" \/>\t\t\t\t\t\t\t\t\t\t\t\t\t\t\t<\/div>\n\t\t\t\t<\/div>\n\t\t\t\t\t<\/div>\n\t\t\t\t<\/div>\n\t\t\t\t<\/div>\n\t\t","protected":false},"excerpt":{"rendered":"<p>Das Haus Gegr\u00fcndet im Jahr 2019, konzentriert sich das K\u00fcnstlerhaus auf kreative Aktivit\u00e4ten in Verbindung mit Natur, Technologie und interkulturellem Austausch. Das K\u00fcnstlerhaus strebt danach, ein gemeinschaftlicher Ort zu sein, wo K\u00fcnstler kreativ gedeihen k\u00f6nnen, und gleichzeitig an nachhaltigen Lebenspraktiken teilnehmen. Kunst und Innovation dienen dabei der Erreichung messbarer Ziele, sowohl intellektuell f\u00fcr jeden Einzelnen [&hellip;]<\/p>\n","protected":false},"author":1,"featured_media":0,"parent":0,"menu_order":0,"comment_status":"closed","ping_status":"closed","template":"","meta":{"footnotes":""},"class_list":["post-496","page","type-page","status-publish","hentry"],"yoast_head":"<!-- This site is optimized with the Yoast SEO plugin v27.4 - https:\/\/yoast.com\/product\/yoast-seo-wordpress\/ -->\n<title>K\u00fcnstlerhaus G\u00f6tz - K\u00fcnstlerhaus G\u00f6tz<\/title>\n<meta name=\"description\" content=\"Das K\u00fcnstlerhaus G\u00f6tz konzentriert sich auf kreative Aktivit\u00e4ten in Verbindung mit Natur, Technologie und interkulturellem Austausch.\" \/>\n<meta name=\"robots\" content=\"index, follow, max-snippet:-1, max-image-preview:large, max-video-preview:-1\" \/>\n<link rel=\"canonical\" href=\"https:\/\/kuenstlerhausgoetz.de\/en\/\" \/>\n<meta property=\"og:locale\" content=\"en_US\" \/>\n<meta property=\"og:type\" content=\"article\" \/>\n<meta property=\"og:title\" content=\"K\u00fcnstlerhaus G\u00f6tz - K\u00fcnstlerhaus G\u00f6tz\" \/>\n<meta property=\"og:description\" content=\"Das K\u00fcnstlerhaus G\u00f6tz konzentriert sich auf kreative Aktivit\u00e4ten in Verbindung mit Natur, Technologie und interkulturellem Austausch.\" \/>\n<meta property=\"og:url\" content=\"https:\/\/kuenstlerhausgoetz.de\/en\/\" \/>\n<meta property=\"og:site_name\" content=\"K\u00fcnstlerhaus G\u00f6tz\" \/>\n<meta property=\"article:modified_time\" content=\"2024-12-07T06:35:51+00:00\" \/>\n<meta property=\"og:image\" content=\"https:\/\/kuenstlerhausgoetz.de\/wp-content\/uploads\/2024\/03\/house-scaled.webp\" \/>\n\t<meta property=\"og:image:width\" content=\"1920\" \/>\n\t<meta property=\"og:image:height\" content=\"1025\" \/>\n\t<meta property=\"og:image:type\" content=\"image\/webp\" \/>\n<meta name=\"twitter:card\" content=\"summary_large_image\" \/>\n<meta name=\"twitter:label1\" content=\"Est. reading time\" \/>\n\t<meta name=\"twitter:data1\" content=\"2 minutes\" \/>\n<script type=\"application\/ld+json\" class=\"yoast-schema-graph\">{\"@context\":\"https:\\\/\\\/schema.org\",\"@graph\":[{\"@type\":\"WebPage\",\"@id\":\"https:\\\/\\\/kuenstlerhausgoetz.de\\\/\",\"url\":\"https:\\\/\\\/kuenstlerhausgoetz.de\\\/\",\"name\":\"K\u00fcnstlerhaus G\u00f6tz - K\u00fcnstlerhaus G\u00f6tz\",\"isPartOf\":{\"@id\":\"https:\\\/\\\/kuenstlerhausgoetz.de\\\/#website\"},\"primaryImageOfPage\":{\"@id\":\"https:\\\/\\\/kuenstlerhausgoetz.de\\\/#primaryimage\"},\"image\":{\"@id\":\"https:\\\/\\\/kuenstlerhausgoetz.de\\\/#primaryimage\"},\"thumbnailUrl\":\"https:\\\/\\\/kuenstlerhausgoetz.de\\\/wp-content\\\/uploads\\\/2024\\\/03\\\/house-1024x546.webp\",\"datePublished\":\"2024-03-25T12:28:03+00:00\",\"dateModified\":\"2024-12-07T06:35:51+00:00\",\"description\":\"Das K\u00fcnstlerhaus G\u00f6tz konzentriert sich auf kreative Aktivit\u00e4ten in Verbindung mit Natur, Technologie und interkulturellem Austausch.\",\"breadcrumb\":{\"@id\":\"https:\\\/\\\/kuenstlerhausgoetz.de\\\/#breadcrumb\"},\"inLanguage\":\"en-US\",\"potentialAction\":[{\"@type\":\"ReadAction\",\"target\":[\"https:\\\/\\\/kuenstlerhausgoetz.de\\\/\"]}]},{\"@type\":\"ImageObject\",\"inLanguage\":\"en-US\",\"@id\":\"https:\\\/\\\/kuenstlerhausgoetz.de\\\/#primaryimage\",\"url\":\"https:\\\/\\\/kuenstlerhausgoetz.de\\\/wp-content\\\/uploads\\\/2024\\\/03\\\/house-1024x546.webp\",\"contentUrl\":\"https:\\\/\\\/kuenstlerhausgoetz.de\\\/wp-content\\\/uploads\\\/2024\\\/03\\\/house-1024x546.webp\"},{\"@type\":\"BreadcrumbList\",\"@id\":\"https:\\\/\\\/kuenstlerhausgoetz.de\\\/#breadcrumb\",\"itemListElement\":[{\"@type\":\"ListItem\",\"position\":1,\"name\":\"Startseite\",\"item\":\"https:\\\/\\\/kuenstlerhausgoetz.de\\\/\"},{\"@type\":\"ListItem\",\"position\":2,\"name\":\"K\u00fcnstlerhaus G\u00f6tz\"}]},{\"@type\":\"WebSite\",\"@id\":\"https:\\\/\\\/kuenstlerhausgoetz.de\\\/#website\",\"url\":\"https:\\\/\\\/kuenstlerhausgoetz.de\\\/\",\"name\":\"K\u00fcnstlerhaus G\u00f6tz\",\"description\":\"Artist Residency in Potsdam-Mittelmark\",\"publisher\":{\"@id\":\"https:\\\/\\\/kuenstlerhausgoetz.de\\\/#organization\"},\"potentialAction\":[{\"@type\":\"SearchAction\",\"target\":{\"@type\":\"EntryPoint\",\"urlTemplate\":\"https:\\\/\\\/kuenstlerhausgoetz.de\\\/?s={search_term_string}\"},\"query-input\":{\"@type\":\"PropertyValueSpecification\",\"valueRequired\":true,\"valueName\":\"search_term_string\"}}],\"inLanguage\":\"en-US\"},{\"@type\":\"Organization\",\"@id\":\"https:\\\/\\\/kuenstlerhausgoetz.de\\\/#organization\",\"name\":\"K\u00fcnstlerhaus G\u00f6tz\",\"url\":\"https:\\\/\\\/kuenstlerhausgoetz.de\\\/\",\"logo\":{\"@type\":\"ImageObject\",\"inLanguage\":\"en-US\",\"@id\":\"https:\\\/\\\/kuenstlerhausgoetz.de\\\/#\\\/schema\\\/logo\\\/image\\\/\",\"url\":\"https:\\\/\\\/kuenstlerhausgoetz.de\\\/wp-content\\\/uploads\\\/2024\\\/03\\\/kG.webp\",\"contentUrl\":\"https:\\\/\\\/kuenstlerhausgoetz.de\\\/wp-content\\\/uploads\\\/2024\\\/03\\\/kG.webp\",\"width\":500,\"height\":500,\"caption\":\"K\u00fcnstlerhaus G\u00f6tz\"},\"image\":{\"@id\":\"https:\\\/\\\/kuenstlerhausgoetz.de\\\/#\\\/schema\\\/logo\\\/image\\\/\"}}]}<\/script>\n<!-- \/ Yoast SEO plugin. -->","yoast_head_json":{"title":"K\u00fcnstlerhaus G\u00f6tz - K\u00fcnstlerhaus G\u00f6tz","description":"Das K\u00fcnstlerhaus G\u00f6tz konzentriert sich auf kreative Aktivit\u00e4ten in Verbindung mit Natur, Technologie und interkulturellem Austausch.","robots":{"index":"index","follow":"follow","max-snippet":"max-snippet:-1","max-image-preview":"max-image-preview:large","max-video-preview":"max-video-preview:-1"},"canonical":"https:\/\/kuenstlerhausgoetz.de\/en\/","og_locale":"en_US","og_type":"article","og_title":"K\u00fcnstlerhaus G\u00f6tz - K\u00fcnstlerhaus G\u00f6tz","og_description":"Das K\u00fcnstlerhaus G\u00f6tz konzentriert sich auf kreative Aktivit\u00e4ten in Verbindung mit Natur, Technologie und interkulturellem Austausch.","og_url":"https:\/\/kuenstlerhausgoetz.de\/en\/","og_site_name":"K\u00fcnstlerhaus G\u00f6tz","article_modified_time":"2024-12-07T06:35:51+00:00","og_image":[{"width":1920,"height":1025,"url":"https:\/\/kuenstlerhausgoetz.de\/wp-content\/uploads\/2024\/03\/house-scaled.webp","type":"image\/webp"}],"twitter_card":"summary_large_image","twitter_misc":{"Est. reading time":"2 minutes"},"schema":{"@context":"https:\/\/schema.org","@graph":[{"@type":"WebPage","@id":"https:\/\/kuenstlerhausgoetz.de\/","url":"https:\/\/kuenstlerhausgoetz.de\/","name":"K\u00fcnstlerhaus G\u00f6tz - K\u00fcnstlerhaus G\u00f6tz","isPartOf":{"@id":"https:\/\/kuenstlerhausgoetz.de\/#website"},"primaryImageOfPage":{"@id":"https:\/\/kuenstlerhausgoetz.de\/#primaryimage"},"image":{"@id":"https:\/\/kuenstlerhausgoetz.de\/#primaryimage"},"thumbnailUrl":"https:\/\/kuenstlerhausgoetz.de\/wp-content\/uploads\/2024\/03\/house-1024x546.webp","datePublished":"2024-03-25T12:28:03+00:00","dateModified":"2024-12-07T06:35:51+00:00","description":"Das K\u00fcnstlerhaus G\u00f6tz konzentriert sich auf kreative Aktivit\u00e4ten in Verbindung mit Natur, Technologie und interkulturellem Austausch.","breadcrumb":{"@id":"https:\/\/kuenstlerhausgoetz.de\/#breadcrumb"},"inLanguage":"en-US","potentialAction":[{"@type":"ReadAction","target":["https:\/\/kuenstlerhausgoetz.de\/"]}]},{"@type":"ImageObject","inLanguage":"en-US","@id":"https:\/\/kuenstlerhausgoetz.de\/#primaryimage","url":"https:\/\/kuenstlerhausgoetz.de\/wp-content\/uploads\/2024\/03\/house-1024x546.webp","contentUrl":"https:\/\/kuenstlerhausgoetz.de\/wp-content\/uploads\/2024\/03\/house-1024x546.webp"},{"@type":"BreadcrumbList","@id":"https:\/\/kuenstlerhausgoetz.de\/#breadcrumb","itemListElement":[{"@type":"ListItem","position":1,"name":"Startseite","item":"https:\/\/kuenstlerhausgoetz.de\/"},{"@type":"ListItem","position":2,"name":"K\u00fcnstlerhaus G\u00f6tz"}]},{"@type":"WebSite","@id":"https:\/\/kuenstlerhausgoetz.de\/#website","url":"https:\/\/kuenstlerhausgoetz.de\/","name":"G\u00f6tz Artists&#039; House","description":"Artist Residency in Potsdam-Mittelmark","publisher":{"@id":"https:\/\/kuenstlerhausgoetz.de\/#organization"},"potentialAction":[{"@type":"SearchAction","target":{"@type":"EntryPoint","urlTemplate":"https:\/\/kuenstlerhausgoetz.de\/?s={search_term_string}"},"query-input":{"@type":"PropertyValueSpecification","valueRequired":true,"valueName":"search_term_string"}}],"inLanguage":"en-US"},{"@type":"Organization","@id":"https:\/\/kuenstlerhausgoetz.de\/#organization","name":"G\u00f6tz Artists&#039; House","url":"https:\/\/kuenstlerhausgoetz.de\/","logo":{"@type":"ImageObject","inLanguage":"en-US","@id":"https:\/\/kuenstlerhausgoetz.de\/#\/schema\/logo\/image\/","url":"https:\/\/kuenstlerhausgoetz.de\/wp-content\/uploads\/2024\/03\/kG.webp","contentUrl":"https:\/\/kuenstlerhausgoetz.de\/wp-content\/uploads\/2024\/03\/kG.webp","width":500,"height":500,"caption":"K\u00fcnstlerhaus G\u00f6tz"},"image":{"@id":"https:\/\/kuenstlerhausgoetz.de\/#\/schema\/logo\/image\/"}}]}},"_links":{"self":[{"href":"https:\/\/kuenstlerhausgoetz.de\/en\/wp-json\/wp\/v2\/pages\/496","targetHints":{"allow":["GET"]}}],"collection":[{"href":"https:\/\/kuenstlerhausgoetz.de\/en\/wp-json\/wp\/v2\/pages"}],"about":[{"href":"https:\/\/kuenstlerhausgoetz.de\/en\/wp-json\/wp\/v2\/types\/page"}],"author":[{"embeddable":true,"href":"https:\/\/kuenstlerhausgoetz.de\/en\/wp-json\/wp\/v2\/users\/1"}],"replies":[{"embeddable":true,"href":"https:\/\/kuenstlerhausgoetz.de\/en\/wp-json\/wp\/v2\/comments?post=496"}],"version-history":[{"count":50,"href":"https:\/\/kuenstlerhausgoetz.de\/en\/wp-json\/wp\/v2\/pages\/496\/revisions"}],"predecessor-version":[{"id":1166,"href":"https:\/\/kuenstlerhausgoetz.de\/en\/wp-json\/wp\/v2\/pages\/496\/revisions\/1166"}],"wp:attachment":[{"href":"https:\/\/kuenstlerhausgoetz.de\/en\/wp-json\/wp\/v2\/media?parent=496"}],"curies":[{"name":"wp","href":"https:\/\/api.w.org\/{rel}","templated":true}]}}