{"id":552,"date":"2024-03-25T15:34:34","date_gmt":"2024-03-25T14:34:34","guid":{"rendered":"https:\/\/kuenstlerhausgoetz.de\/?page_id=552"},"modified":"2024-03-26T10:23:02","modified_gmt":"2024-03-26T09:23:02","slug":"pilzsuche","status":"publish","type":"page","link":"https:\/\/kuenstlerhausgoetz.de\/en\/pilzsuche","title":{"rendered":"Hiking dates \u2013 mushroom hunting"},"content":{"rendered":"<div data-elementor-type=\"wp-page\" data-elementor-id=\"552\" class=\"elementor elementor-552\">\n\t\t\t\t<div class=\"elementor-element elementor-element-32608a9 e-flex e-con-boxed e-con e-parent\" data-id=\"32608a9\" data-element_type=\"container\" data-e-type=\"container\">\n\t\t\t\t\t<div class=\"e-con-inner\">\n\t\t\t\t<div class=\"elementor-element elementor-element-b2ac2a6 elementor-widget elementor-widget-text-editor\" data-id=\"b2ac2a6\" data-element_type=\"widget\" data-e-type=\"widget\" data-widget_type=\"text-editor.default\">\n\t\t\t\t<div class=\"elementor-widget-container\">\n\t\t\t\t\t\t\t\t\t<p>Two dates in spring and two in autumn are offered to hike together in the G\u00f6tzberge and collect mushrooms. Community hiking trips are planned.<\/p><p>The forests are explored and certain types of mushrooms, including porcini mushrooms, chestnut mushrooms and chanterelles, are sought.<\/p><p>It is an opportunity to immerse yourself in the wonders of nature, to exchange ideas together and to discover the treasures of the G\u00f6tzberge. Appointments are made via the <a href=\"https:\/\/kuenstlerhausgoetz.de\/en\/newsletter\/\"><span style=\"text-decoration: underline;\">Newsletter<\/span><\/a> communicated. <\/p>\t\t\t\t\t\t\t\t<\/div>\n\t\t\t\t<\/div>\n\t\t\t\t\t<\/div>\n\t\t\t\t<\/div>\n\t\t<div class=\"elementor-element elementor-element-6b42913 e-flex e-con-boxed e-con e-parent\" data-id=\"6b42913\" data-element_type=\"container\" data-e-type=\"container\">\n\t\t\t\t\t<div class=\"e-con-inner\">\n\t\t\t\t<div class=\"elementor-element elementor-element-0c50aea elementor-widget elementor-widget-image\" data-id=\"0c50aea\" data-element_type=\"widget\" data-e-type=\"widget\" data-widget_type=\"image.default\">\n\t\t\t\t<div class=\"elementor-widget-container\">\n\t\t\t\t\t\t\t\t\t\t\t\t\t\t\t<img fetchpriority=\"high\" decoding=\"async\" width=\"768\" height=\"1024\" src=\"https:\/\/kuenstlerhausgoetz.de\/wp-content\/uploads\/2024\/03\/pilz-768x1024.webp\" class=\"attachment-large size-large wp-image-137\" alt=\"pilze selbstversorgung kuenstlerhaus goetz\" srcset=\"https:\/\/kuenstlerhausgoetz.de\/wp-content\/uploads\/2024\/03\/pilz-768x1024.webp 768w, https:\/\/kuenstlerhausgoetz.de\/wp-content\/uploads\/2024\/03\/pilz-225x300.webp 225w, https:\/\/kuenstlerhausgoetz.de\/wp-content\/uploads\/2024\/03\/pilz-1152x1536.webp 1152w, https:\/\/kuenstlerhausgoetz.de\/wp-content\/uploads\/2024\/03\/pilz-scaled.webp 1440w\" sizes=\"(max-width: 768px) 100vw, 768px\" \/>\t\t\t\t\t\t\t\t\t\t\t\t\t\t\t<\/div>\n\t\t\t\t<\/div>\n\t\t\t\t\t<\/div>\n\t\t\t\t<\/div>\n\t\t\t\t<\/div>","protected":false},"excerpt":{"rendered":"<p>Zwei Termine im Fr\u00fchling und zwei im Herbst werden angeboten, um gemeinsam in den G\u00f6tzbergen zu wandern und Pilze zu sammeln. Gemeinschaftliche Wanderausfl\u00fcge sind geplant. Die W\u00e4lder werden erkundet, und bestimmte Pilzarten, darunter Steinpilze, Maronenr\u00f6hrlinge und Pfifferlinge, werden gesucht. Es ist eine Gelegenheit, sich in die Wunder der Natur zu vertiefen, gemeinschaftlich auszutauschen und die [&hellip;]<\/p>\n","protected":false},"author":1,"featured_media":0,"parent":0,"menu_order":0,"comment_status":"closed","ping_status":"closed","template":"","meta":{"footnotes":""},"class_list":["post-552","page","type-page","status-publish","hentry"],"yoast_head":"<!-- This site is optimized with the Yoast SEO plugin v27.4 - https:\/\/yoast.com\/product\/yoast-seo-wordpress\/ -->\n<title>Wandertermine - Pilzsuche - K\u00fcnstlerhaus G\u00f6tz<\/title>\n<meta name=\"robots\" content=\"index, follow, max-snippet:-1, max-image-preview:large, max-video-preview:-1\" \/>\n<link rel=\"canonical\" href=\"https:\/\/kuenstlerhausgoetz.de\/en\/pilzsuche\/\" \/>\n<meta property=\"og:locale\" content=\"en_US\" \/>\n<meta property=\"og:type\" content=\"article\" \/>\n<meta property=\"og:title\" content=\"Wandertermine - Pilzsuche - K\u00fcnstlerhaus G\u00f6tz\" \/>\n<meta property=\"og:description\" content=\"Zwei Termine im Fr\u00fchling und zwei im Herbst werden angeboten, um gemeinsam in den G\u00f6tzbergen zu wandern und Pilze zu sammeln. Gemeinschaftliche Wanderausfl\u00fcge sind geplant. Die W\u00e4lder werden erkundet, und bestimmte Pilzarten, darunter Steinpilze, Maronenr\u00f6hrlinge und Pfifferlinge, werden gesucht. Es ist eine Gelegenheit, sich in die Wunder der Natur zu vertiefen, gemeinschaftlich auszutauschen und die [&hellip;]\" \/>\n<meta property=\"og:url\" content=\"https:\/\/kuenstlerhausgoetz.de\/en\/pilzsuche\/\" \/>\n<meta property=\"og:site_name\" content=\"K\u00fcnstlerhaus G\u00f6tz\" \/>\n<meta property=\"article:modified_time\" content=\"2024-03-26T09:23:02+00:00\" \/>\n<meta property=\"og:image\" content=\"https:\/\/kuenstlerhausgoetz.de\/wp-content\/uploads\/2024\/03\/pilz-768x1024.webp\" \/>\n<meta name=\"twitter:card\" content=\"summary_large_image\" \/>\n<meta name=\"twitter:label1\" content=\"Est. reading time\" \/>\n\t<meta name=\"twitter:data1\" content=\"1 minute\" \/>\n<script type=\"application\/ld+json\" class=\"yoast-schema-graph\">{\"@context\":\"https:\\\/\\\/schema.org\",\"@graph\":[{\"@type\":\"WebPage\",\"@id\":\"https:\\\/\\\/kuenstlerhausgoetz.de\\\/pilzsuche\",\"url\":\"https:\\\/\\\/kuenstlerhausgoetz.de\\\/pilzsuche\",\"name\":\"Wandertermine - Pilzsuche - K\u00fcnstlerhaus G\u00f6tz\",\"isPartOf\":{\"@id\":\"https:\\\/\\\/kuenstlerhausgoetz.de\\\/#website\"},\"primaryImageOfPage\":{\"@id\":\"https:\\\/\\\/kuenstlerhausgoetz.de\\\/pilzsuche#primaryimage\"},\"image\":{\"@id\":\"https:\\\/\\\/kuenstlerhausgoetz.de\\\/pilzsuche#primaryimage\"},\"thumbnailUrl\":\"https:\\\/\\\/kuenstlerhausgoetz.de\\\/wp-content\\\/uploads\\\/2024\\\/03\\\/pilz-768x1024.webp\",\"datePublished\":\"2024-03-25T14:34:34+00:00\",\"dateModified\":\"2024-03-26T09:23:02+00:00\",\"breadcrumb\":{\"@id\":\"https:\\\/\\\/kuenstlerhausgoetz.de\\\/pilzsuche#breadcrumb\"},\"inLanguage\":\"en-US\",\"potentialAction\":[{\"@type\":\"ReadAction\",\"target\":[\"https:\\\/\\\/kuenstlerhausgoetz.de\\\/pilzsuche\"]}]},{\"@type\":\"ImageObject\",\"inLanguage\":\"en-US\",\"@id\":\"https:\\\/\\\/kuenstlerhausgoetz.de\\\/pilzsuche#primaryimage\",\"url\":\"https:\\\/\\\/kuenstlerhausgoetz.de\\\/wp-content\\\/uploads\\\/2024\\\/03\\\/pilz-768x1024.webp\",\"contentUrl\":\"https:\\\/\\\/kuenstlerhausgoetz.de\\\/wp-content\\\/uploads\\\/2024\\\/03\\\/pilz-768x1024.webp\"},{\"@type\":\"BreadcrumbList\",\"@id\":\"https:\\\/\\\/kuenstlerhausgoetz.de\\\/pilzsuche#breadcrumb\",\"itemListElement\":[{\"@type\":\"ListItem\",\"position\":1,\"name\":\"Startseite\",\"item\":\"https:\\\/\\\/kuenstlerhausgoetz.de\\\/\"},{\"@type\":\"ListItem\",\"position\":2,\"name\":\"Wandertermine &#8211; Pilzsuche\"}]},{\"@type\":\"WebSite\",\"@id\":\"https:\\\/\\\/kuenstlerhausgoetz.de\\\/#website\",\"url\":\"https:\\\/\\\/kuenstlerhausgoetz.de\\\/\",\"name\":\"K\u00fcnstlerhaus G\u00f6tz\",\"description\":\"Artist Residency in Potsdam-Mittelmark\",\"publisher\":{\"@id\":\"https:\\\/\\\/kuenstlerhausgoetz.de\\\/#organization\"},\"potentialAction\":[{\"@type\":\"SearchAction\",\"target\":{\"@type\":\"EntryPoint\",\"urlTemplate\":\"https:\\\/\\\/kuenstlerhausgoetz.de\\\/?s={search_term_string}\"},\"query-input\":{\"@type\":\"PropertyValueSpecification\",\"valueRequired\":true,\"valueName\":\"search_term_string\"}}],\"inLanguage\":\"en-US\"},{\"@type\":\"Organization\",\"@id\":\"https:\\\/\\\/kuenstlerhausgoetz.de\\\/#organization\",\"name\":\"K\u00fcnstlerhaus G\u00f6tz\",\"url\":\"https:\\\/\\\/kuenstlerhausgoetz.de\\\/\",\"logo\":{\"@type\":\"ImageObject\",\"inLanguage\":\"en-US\",\"@id\":\"https:\\\/\\\/kuenstlerhausgoetz.de\\\/#\\\/schema\\\/logo\\\/image\\\/\",\"url\":\"https:\\\/\\\/kuenstlerhausgoetz.de\\\/wp-content\\\/uploads\\\/2024\\\/03\\\/kG.webp\",\"contentUrl\":\"https:\\\/\\\/kuenstlerhausgoetz.de\\\/wp-content\\\/uploads\\\/2024\\\/03\\\/kG.webp\",\"width\":500,\"height\":500,\"caption\":\"K\u00fcnstlerhaus G\u00f6tz\"},\"image\":{\"@id\":\"https:\\\/\\\/kuenstlerhausgoetz.de\\\/#\\\/schema\\\/logo\\\/image\\\/\"}}]}<\/script>\n<!-- \/ Yoast SEO plugin. -->","yoast_head_json":{"title":"Wandertermine - Pilzsuche - K\u00fcnstlerhaus G\u00f6tz","robots":{"index":"index","follow":"follow","max-snippet":"max-snippet:-1","max-image-preview":"max-image-preview:large","max-video-preview":"max-video-preview:-1"},"canonical":"https:\/\/kuenstlerhausgoetz.de\/en\/pilzsuche\/","og_locale":"en_US","og_type":"article","og_title":"Wandertermine - Pilzsuche - K\u00fcnstlerhaus G\u00f6tz","og_description":"Zwei Termine im Fr\u00fchling und zwei im Herbst werden angeboten, um gemeinsam in den G\u00f6tzbergen zu wandern und Pilze zu sammeln. Gemeinschaftliche Wanderausfl\u00fcge sind geplant. Die W\u00e4lder werden erkundet, und bestimmte Pilzarten, darunter Steinpilze, Maronenr\u00f6hrlinge und Pfifferlinge, werden gesucht. Es ist eine Gelegenheit, sich in die Wunder der Natur zu vertiefen, gemeinschaftlich auszutauschen und die [&hellip;]","og_url":"https:\/\/kuenstlerhausgoetz.de\/en\/pilzsuche\/","og_site_name":"K\u00fcnstlerhaus G\u00f6tz","article_modified_time":"2024-03-26T09:23:02+00:00","og_image":[{"url":"https:\/\/kuenstlerhausgoetz.de\/wp-content\/uploads\/2024\/03\/pilz-768x1024.webp","type":"","width":"","height":""}],"twitter_card":"summary_large_image","twitter_misc":{"Est. reading time":"1 minute"},"schema":{"@context":"https:\/\/schema.org","@graph":[{"@type":"WebPage","@id":"https:\/\/kuenstlerhausgoetz.de\/pilzsuche","url":"https:\/\/kuenstlerhausgoetz.de\/pilzsuche","name":"Wandertermine - Pilzsuche - K\u00fcnstlerhaus G\u00f6tz","isPartOf":{"@id":"https:\/\/kuenstlerhausgoetz.de\/#website"},"primaryImageOfPage":{"@id":"https:\/\/kuenstlerhausgoetz.de\/pilzsuche#primaryimage"},"image":{"@id":"https:\/\/kuenstlerhausgoetz.de\/pilzsuche#primaryimage"},"thumbnailUrl":"https:\/\/kuenstlerhausgoetz.de\/wp-content\/uploads\/2024\/03\/pilz-768x1024.webp","datePublished":"2024-03-25T14:34:34+00:00","dateModified":"2024-03-26T09:23:02+00:00","breadcrumb":{"@id":"https:\/\/kuenstlerhausgoetz.de\/pilzsuche#breadcrumb"},"inLanguage":"en-US","potentialAction":[{"@type":"ReadAction","target":["https:\/\/kuenstlerhausgoetz.de\/pilzsuche"]}]},{"@type":"ImageObject","inLanguage":"en-US","@id":"https:\/\/kuenstlerhausgoetz.de\/pilzsuche#primaryimage","url":"https:\/\/kuenstlerhausgoetz.de\/wp-content\/uploads\/2024\/03\/pilz-768x1024.webp","contentUrl":"https:\/\/kuenstlerhausgoetz.de\/wp-content\/uploads\/2024\/03\/pilz-768x1024.webp"},{"@type":"BreadcrumbList","@id":"https:\/\/kuenstlerhausgoetz.de\/pilzsuche#breadcrumb","itemListElement":[{"@type":"ListItem","position":1,"name":"Startseite","item":"https:\/\/kuenstlerhausgoetz.de\/"},{"@type":"ListItem","position":2,"name":"Wandertermine &#8211; Pilzsuche"}]},{"@type":"WebSite","@id":"https:\/\/kuenstlerhausgoetz.de\/#website","url":"https:\/\/kuenstlerhausgoetz.de\/","name":"G\u00f6tz Artists&#039; House","description":"Artist Residency in Potsdam-Mittelmark","publisher":{"@id":"https:\/\/kuenstlerhausgoetz.de\/#organization"},"potentialAction":[{"@type":"SearchAction","target":{"@type":"EntryPoint","urlTemplate":"https:\/\/kuenstlerhausgoetz.de\/?s={search_term_string}"},"query-input":{"@type":"PropertyValueSpecification","valueRequired":true,"valueName":"search_term_string"}}],"inLanguage":"en-US"},{"@type":"Organization","@id":"https:\/\/kuenstlerhausgoetz.de\/#organization","name":"G\u00f6tz Artists&#039; House","url":"https:\/\/kuenstlerhausgoetz.de\/","logo":{"@type":"ImageObject","inLanguage":"en-US","@id":"https:\/\/kuenstlerhausgoetz.de\/#\/schema\/logo\/image\/","url":"https:\/\/kuenstlerhausgoetz.de\/wp-content\/uploads\/2024\/03\/kG.webp","contentUrl":"https:\/\/kuenstlerhausgoetz.de\/wp-content\/uploads\/2024\/03\/kG.webp","width":500,"height":500,"caption":"K\u00fcnstlerhaus G\u00f6tz"},"image":{"@id":"https:\/\/kuenstlerhausgoetz.de\/#\/schema\/logo\/image\/"}}]}},"_links":{"self":[{"href":"https:\/\/kuenstlerhausgoetz.de\/en\/wp-json\/wp\/v2\/pages\/552","targetHints":{"allow":["GET"]}}],"collection":[{"href":"https:\/\/kuenstlerhausgoetz.de\/en\/wp-json\/wp\/v2\/pages"}],"about":[{"href":"https:\/\/kuenstlerhausgoetz.de\/en\/wp-json\/wp\/v2\/types\/page"}],"author":[{"embeddable":true,"href":"https:\/\/kuenstlerhausgoetz.de\/en\/wp-json\/wp\/v2\/users\/1"}],"replies":[{"embeddable":true,"href":"https:\/\/kuenstlerhausgoetz.de\/en\/wp-json\/wp\/v2\/comments?post=552"}],"version-history":[{"count":12,"href":"https:\/\/kuenstlerhausgoetz.de\/en\/wp-json\/wp\/v2\/pages\/552\/revisions"}],"predecessor-version":[{"id":725,"href":"https:\/\/kuenstlerhausgoetz.de\/en\/wp-json\/wp\/v2\/pages\/552\/revisions\/725"}],"wp:attachment":[{"href":"https:\/\/kuenstlerhausgoetz.de\/en\/wp-json\/wp\/v2\/media?parent=552"}],"curies":[{"name":"wp","href":"https:\/\/api.w.org\/{rel}","templated":true}]}}